{"id":105,"date":"2022-07-29T11:12:57","date_gmt":"2022-07-29T09:12:57","guid":{"rendered":"http:\/\/bastionbudatin.sk\/?page_id=105"},"modified":"2024-08-01T10:43:56","modified_gmt":"2024-08-01T08:43:56","slug":"ponuka","status":"publish","type":"page","link":"https:\/\/bastionbudatin.sk\/?page_id=105","title":{"rendered":"Podujatia na HRADE Budat\u00edn AUGUST 2024"},"content":{"rendered":"\n<p style=\"font-size:18px\">&#8211;<strong>1. august 2024 o 11.00<\/strong><br><strong>Budat\u00ednske leto<\/strong> \u2013 <strong>Dobrodru\u017estvo v hrade<\/strong><br>\u0160peci\u00e1lna prehliadka Budat\u00ednskeho hradu s m\u00fazejnou pedagogi\u010dkou ur\u010den\u00e1 pre 4 \u201310 ro\u010dn\u00e9<br>deti. D\u013a\u017eka trvania: 120 min.<br>Cena: 5 \u20ac\/osoba<\/p>\n\n\n\n<p style=\"font-size:18px\">&#8211; <strong>4. august 2024 od 9.0<\/strong><strong>0 do 17.00<\/strong><br><strong>Budat\u00ednske leto<\/strong> \u2013 <strong>Uk\u00e1\u017eka keramiky<\/strong><br>U\u017eite si leto pln\u00e9 aktiv\u00edt v kr\u00e1snom prostred\u00ed Budat\u00ednskeho hradu!<\/p>\n\n\n\n<p style=\"font-size:18px\">&#8211; <strong>6. august 2024 o 11.00<\/strong><br><strong>Budat\u00ednske leto \u2013 Hradn\u00fd kv\u00edz<\/strong><br>Vytvorili sme pre v\u00e1s \u0161peci\u00e1lnu prehliadku hradom, ktor\u00e1 bude ukon\u010den\u00e1 vedomostn\u00fdm<br>kv\u00edzom, pozost\u00e1vaj\u00facim z inform\u00e1ci\u00ed, ktor\u00e9 sa dozviete po\u010das prehliadky. Je zameran\u00fd najm\u00e4 na pozornos\u0165. Nemus\u00edte sa ni\u010doho ob\u00e1va\u0165, k dispoz\u00edcii s\u00fa aj \u201en\u00e1povedy\u201c.<br>D\u013a\u017eka trvania: 120 min.<br>Cena: 5 \u20ac\/osoba<\/p>\n\n\n\n<p style=\"font-size:18px\">&#8211; <strong>11. august 2024 od 9.00 do 17.00<\/strong><br><strong>Budat\u00ednske leto \u2013 Debata s prepar\u00e1torom<\/strong><br>U\u017eite si leto pln\u00e9 aktiv\u00edt v kr\u00e1snom prostred\u00ed Budat\u00ednskeho hradu!<br>Cena: 2 \u20ac\/osoba<\/p>\n\n\n\n<p style=\"font-size:18px\">&#8211; <strong>15. august 2024 o 11.00<\/strong><br><strong>Budat\u00ednske leto \u2013 Hradn\u00fd kv\u00edz<\/strong><br>D\u013a\u017eka trvania: 120 min.<br>Cena: 5 \u20ac\/osoba<\/p>\n\n\n\n<p style=\"font-size:18px\">&#8211;<strong> 18. august 2024 od 9.00 do 17.00<\/strong><br><strong>Budat\u00ednske leto \u2013 Geologick\u00fd workshop<\/strong><br>Cena: 2 \u20ac\/osoba<\/p>\n\n\n\n<p style=\"font-size:18px\">&#8211;<strong>23. a\u017e 25. august 2024<\/strong><br><strong>Kultura pod hv\u011bzdami<\/strong><br>Koncertn\u00e9 verzie \u00faspe\u0161n\u00fdch \u010desk\u00fdch muzik\u00e1lov op\u00e4\u0165 zav\u00edtaj\u00fa do are\u00e1lu Budat\u00ednskeho hradu.<br>Z\u00e1ujemcovia sa m\u00f4\u017eu te\u0161i\u0165 na tri ve\u010dery pln\u00e9 hudby a tanca. V piatok<\/p>\n\n\n\n<p style=\"font-size:18px\"><strong>27. august 2024 o 11.00<\/strong><br><strong>Budat\u00ednske leto \u2013 Dobrodru\u017estvo v hrade<\/strong><br>\u0160peci\u00e1lna prehliadka Budat\u00ednskeho hradu s m\u00fazejnou pedagogi\u010dkou ur\u010den\u00e1 pre 4 \u2013 10 ro\u010dn\u00e9<br>deti. \u010cak\u00e1 v\u00e1s mno\u017estvo zauj\u00edmav\u00fdch inform\u00e1ci\u00ed a aktiv\u00edt, ktor\u00e9 v\u00e1m pribl\u00ed\u017eia nielen dejiny<br>hradu. Dozviete sa, ako ho postavili, koho v \u0148om zamurovali \u010di ak\u00e9 me\u010de sa v \u0148om ukr\u00fdvaj\u00fa.<br>Okrem in\u00e9ho v\u00e1s \u010dakaj\u00fa aj tvoriv\u00e9 dielne. Je nutn\u00e9 sa vopred objedna\u0165 na email<br>pedagog@pmza.sk.<br>D\u013a\u017eka trvania: 120 min.<br>Cena: 5 \u20ac\/osoba<\/p>\n\n\n\n<figure class=\"wp-block-embed is-type-video is-provider-youtube wp-block-embed-youtube wp-embed-aspect-16-9 wp-has-aspect-ratio\"><div class=\"wp-block-embed__wrapper\">\n<iframe loading=\"lazy\" title=\"Kultura pod hv\u011bzdami v Boskovic\u00edch - Dracula 20. 6. 2021\" width=\"1020\" height=\"574\" src=\"https:\/\/www.youtube.com\/embed\/GWmBjbIDStY?feature=oembed\" frameborder=\"0\" allow=\"accelerometer; autoplay; clipboard-write; encrypted-media; gyroscope; picture-in-picture; web-share\" referrerpolicy=\"strict-origin-when-cross-origin\" allowfullscreen><\/iframe>\n<\/div><\/figure>\n","protected":false},"excerpt":{"rendered":"<div class=\"entry-summary\">\n&#8211;1. august 2024 o 11.00Budat\u00ednske leto \u2013 Dobrodru\u017estvo v hrade\u0160peci\u00e1lna prehliadka Budat\u00ednskeho&hellip;\n<\/div>\n<div class=\"link-more\"><a href=\"https:\/\/bastionbudatin.sk\/?page_id=105\" class=\"more-link\">Pre\u010d\u00edta\u0165<span class=\"screen-reader-text\"> &ldquo;Podujatia na HRADE Budat\u00edn AUGUST 2024&rdquo;<\/span>&hellip;<\/a><\/div>\n","protected":false},"author":1,"featured_media":0,"parent":0,"menu_order":0,"comment_status":"closed","ping_status":"closed","template":"","meta":{"_monsterinsights_skip_tracking":false,"_monsterinsights_sitenote_active":false,"_monsterinsights_sitenote_note":"","_monsterinsights_sitenote_category":0},"yoast_head":"<!-- This site is optimized with the Yoast SEO plugin v20.6 - https:\/\/yoast.com\/wordpress\/plugins\/seo\/ -->\n<title>Podujatia na HRADE Budat\u00edn AUGUST 2024 - \u2014 Bastion \u2014 Budatin \u2014<\/title>\n<meta name=\"robots\" content=\"index, follow, max-snippet:-1, max-image-preview:large, max-video-preview:-1\" \/>\n<link rel=\"canonical\" href=\"https:\/\/bastionbudatin.sk\/?page_id=105\" \/>\n<meta property=\"og:locale\" content=\"sk_SK\" \/>\n<meta property=\"og:type\" content=\"article\" \/>\n<meta property=\"og:title\" content=\"Podujatia na HRADE Budat\u00edn AUGUST 2024 - \u2014 Bastion \u2014 Budatin \u2014\" \/>\n<meta property=\"og:description\" content=\"&#8211;1. august 2024 o 11.00Budat\u00ednske leto \u2013 Dobrodru\u017estvo v hrade\u0160peci\u00e1lna prehliadka Budat\u00ednskeho&hellip; Pre\u010d\u00edta\u0165 &ldquo;Podujatia na HRADE Budat\u00edn AUGUST 2024&rdquo;&hellip;\" \/>\n<meta property=\"og:url\" content=\"https:\/\/bastionbudatin.sk\/?page_id=105\" \/>\n<meta property=\"og:site_name\" content=\"\u2014 Bastion \u2014 Budatin \u2014\" \/>\n<meta property=\"article:modified_time\" content=\"2024-08-01T08:43:56+00:00\" \/>\n<meta name=\"twitter:card\" content=\"summary_large_image\" \/>\n<meta name=\"twitter:label1\" content=\"Predpokladan\u00fd \u010das \u010d\u00edtania\" \/>\n\t<meta name=\"twitter:data1\" content=\"2 min\u00faty\" \/>\n<script type=\"application\/ld+json\" class=\"yoast-schema-graph\">{\"@context\":\"https:\/\/schema.org\",\"@graph\":[{\"@type\":\"WebPage\",\"@id\":\"https:\/\/bastionbudatin.sk\/?page_id=105\",\"url\":\"https:\/\/bastionbudatin.sk\/?page_id=105\",\"name\":\"Podujatia na HRADE Budat\u00edn AUGUST 2024 - \u2014 Bastion \u2014 Budatin \u2014\",\"isPartOf\":{\"@id\":\"https:\/\/bastionbudatin.sk\/#website\"},\"datePublished\":\"2022-07-29T09:12:57+00:00\",\"dateModified\":\"2024-08-01T08:43:56+00:00\",\"breadcrumb\":{\"@id\":\"https:\/\/bastionbudatin.sk\/?page_id=105#breadcrumb\"},\"inLanguage\":\"sk-SK\",\"potentialAction\":[{\"@type\":\"ReadAction\",\"target\":[\"https:\/\/bastionbudatin.sk\/?page_id=105\"]}]},{\"@type\":\"BreadcrumbList\",\"@id\":\"https:\/\/bastionbudatin.sk\/?page_id=105#breadcrumb\",\"itemListElement\":[{\"@type\":\"ListItem\",\"position\":1,\"name\":\"Home\",\"item\":\"https:\/\/bastionbudatin.sk\/\"},{\"@type\":\"ListItem\",\"position\":2,\"name\":\"Podujatia na HRADE Budat\u00edn AUGUST 2024\"}]},{\"@type\":\"WebSite\",\"@id\":\"https:\/\/bastionbudatin.sk\/#website\",\"url\":\"https:\/\/bastionbudatin.sk\/\",\"name\":\"\u2014 Bastion \u2014 Budatin \u2014\",\"description\":\"HRADN\u00c1 kaviare\u0148 s ob\u010derstven\u00edm\",\"publisher\":{\"@id\":\"https:\/\/bastionbudatin.sk\/#organization\"},\"potentialAction\":[{\"@type\":\"SearchAction\",\"target\":{\"@type\":\"EntryPoint\",\"urlTemplate\":\"https:\/\/bastionbudatin.sk\/?s={search_term_string}\"},\"query-input\":\"required name=search_term_string\"}],\"inLanguage\":\"sk-SK\"},{\"@type\":\"Organization\",\"@id\":\"https:\/\/bastionbudatin.sk\/#organization\",\"name\":\"\u2014 Bastion \u2014 Budatin \u2014\",\"url\":\"https:\/\/bastionbudatin.sk\/\",\"logo\":{\"@type\":\"ImageObject\",\"inLanguage\":\"sk-SK\",\"@id\":\"https:\/\/bastionbudatin.sk\/#\/schema\/logo\/image\/\",\"url\":\"https:\/\/bastionbudatin.sk\/wp-content\/uploads\/2024\/07\/cropped-bastion_white.png\",\"contentUrl\":\"https:\/\/bastionbudatin.sk\/wp-content\/uploads\/2024\/07\/cropped-bastion_white.png\",\"width\":1630,\"height\":982,\"caption\":\"\u2014 Bastion \u2014                                               Budatin \u2014\"},\"image\":{\"@id\":\"https:\/\/bastionbudatin.sk\/#\/schema\/logo\/image\/\"}}]}<\/script>\n<!-- \/ Yoast SEO plugin. -->","yoast_head_json":{"title":"Podujatia na HRADE Budat\u00edn AUGUST 2024 - \u2014 Bastion \u2014 Budatin \u2014","robots":{"index":"index","follow":"follow","max-snippet":"max-snippet:-1","max-image-preview":"max-image-preview:large","max-video-preview":"max-video-preview:-1"},"canonical":"https:\/\/bastionbudatin.sk\/?page_id=105","og_locale":"sk_SK","og_type":"article","og_title":"Podujatia na HRADE Budat\u00edn AUGUST 2024 - \u2014 Bastion \u2014 Budatin \u2014","og_description":"&#8211;1. august 2024 o 11.00Budat\u00ednske leto \u2013 Dobrodru\u017estvo v hrade\u0160peci\u00e1lna prehliadka Budat\u00ednskeho&hellip; Pre\u010d\u00edta\u0165 &ldquo;Podujatia na HRADE Budat\u00edn AUGUST 2024&rdquo;&hellip;","og_url":"https:\/\/bastionbudatin.sk\/?page_id=105","og_site_name":"\u2014 Bastion \u2014 Budatin \u2014","article_modified_time":"2024-08-01T08:43:56+00:00","twitter_card":"summary_large_image","twitter_misc":{"Predpokladan\u00fd \u010das \u010d\u00edtania":"2 min\u00faty"},"schema":{"@context":"https:\/\/schema.org","@graph":[{"@type":"WebPage","@id":"https:\/\/bastionbudatin.sk\/?page_id=105","url":"https:\/\/bastionbudatin.sk\/?page_id=105","name":"Podujatia na HRADE Budat\u00edn AUGUST 2024 - \u2014 Bastion \u2014 Budatin \u2014","isPartOf":{"@id":"https:\/\/bastionbudatin.sk\/#website"},"datePublished":"2022-07-29T09:12:57+00:00","dateModified":"2024-08-01T08:43:56+00:00","breadcrumb":{"@id":"https:\/\/bastionbudatin.sk\/?page_id=105#breadcrumb"},"inLanguage":"sk-SK","potentialAction":[{"@type":"ReadAction","target":["https:\/\/bastionbudatin.sk\/?page_id=105"]}]},{"@type":"BreadcrumbList","@id":"https:\/\/bastionbudatin.sk\/?page_id=105#breadcrumb","itemListElement":[{"@type":"ListItem","position":1,"name":"Home","item":"https:\/\/bastionbudatin.sk\/"},{"@type":"ListItem","position":2,"name":"Podujatia na HRADE Budat\u00edn AUGUST 2024"}]},{"@type":"WebSite","@id":"https:\/\/bastionbudatin.sk\/#website","url":"https:\/\/bastionbudatin.sk\/","name":"\u2014 Bastion \u2014 Budatin \u2014","description":"HRADN\u00c1 kaviare\u0148 s ob\u010derstven\u00edm","publisher":{"@id":"https:\/\/bastionbudatin.sk\/#organization"},"potentialAction":[{"@type":"SearchAction","target":{"@type":"EntryPoint","urlTemplate":"https:\/\/bastionbudatin.sk\/?s={search_term_string}"},"query-input":"required name=search_term_string"}],"inLanguage":"sk-SK"},{"@type":"Organization","@id":"https:\/\/bastionbudatin.sk\/#organization","name":"\u2014 Bastion \u2014 Budatin \u2014","url":"https:\/\/bastionbudatin.sk\/","logo":{"@type":"ImageObject","inLanguage":"sk-SK","@id":"https:\/\/bastionbudatin.sk\/#\/schema\/logo\/image\/","url":"https:\/\/bastionbudatin.sk\/wp-content\/uploads\/2024\/07\/cropped-bastion_white.png","contentUrl":"https:\/\/bastionbudatin.sk\/wp-content\/uploads\/2024\/07\/cropped-bastion_white.png","width":1630,"height":982,"caption":"\u2014 Bastion \u2014                                               Budatin \u2014"},"image":{"@id":"https:\/\/bastionbudatin.sk\/#\/schema\/logo\/image\/"}}]}},"_links":{"self":[{"href":"https:\/\/bastionbudatin.sk\/index.php?rest_route=\/wp\/v2\/pages\/105"}],"collection":[{"href":"https:\/\/bastionbudatin.sk\/index.php?rest_route=\/wp\/v2\/pages"}],"about":[{"href":"https:\/\/bastionbudatin.sk\/index.php?rest_route=\/wp\/v2\/types\/page"}],"author":[{"embeddable":true,"href":"https:\/\/bastionbudatin.sk\/index.php?rest_route=\/wp\/v2\/users\/1"}],"replies":[{"embeddable":true,"href":"https:\/\/bastionbudatin.sk\/index.php?rest_route=%2Fwp%2Fv2%2Fcomments&post=105"}],"version-history":[{"count":5,"href":"https:\/\/bastionbudatin.sk\/index.php?rest_route=\/wp\/v2\/pages\/105\/revisions"}],"predecessor-version":[{"id":332,"href":"https:\/\/bastionbudatin.sk\/index.php?rest_route=\/wp\/v2\/pages\/105\/revisions\/332"}],"wp:attachment":[{"href":"https:\/\/bastionbudatin.sk\/index.php?rest_route=%2Fwp%2Fv2%2Fmedia&parent=105"}],"curies":[{"name":"wp","href":"https:\/\/api.w.org\/{rel}","templated":true}]}}