{"id":137,"date":"2022-08-01T11:32:10","date_gmt":"2022-08-01T09:32:10","guid":{"rendered":"http:\/\/bastionbudatin.sk\/?page_id=137"},"modified":"2024-08-13T09:41:51","modified_gmt":"2024-08-13T07:41:51","slug":"ponuka-2","status":"publish","type":"page","link":"https:\/\/bastionbudatin.sk\/?page_id=137","title":{"rendered":"Ponuka"},"content":{"rendered":"\n<p class=\"has-text-align-center has-white-background-color has-background\" style=\"font-size:25px\"><strong>K\u00c1VY<\/strong><\/p>\n\n\n\n<p style=\"font-size:18px\"><strong>Ristretto<\/strong>, 9 g k\u00e1va<br><strong>Espresso<\/strong>, 9 g k\u00e1va<br><strong>Espresso lungo<\/strong>, 9 g k\u00e1va, pod\u00e1van\u00e9 s hor\u00facou vodou<br><strong>Espresso Macchiato<\/strong>, 9 g k\u00e1va, mal\u00e9 mno\u017estvo mlie\u010dnej peny<br><strong>Espresso Affogato<\/strong>, 9 g k\u00e1va, vanilkov\u00e1 zmrzlina<br><strong>Espresso Doppio<\/strong>, 16 g k\u00e1vy<br><strong>Espresso Flat White<\/strong>, 16 g k\u00e1va, na\u0161\u013eahan\u00e9 mlieko<br><strong>Cappuccino<\/strong>, 9 g k\u00e1va, napenen\u00e9 mlieko, pena<br><strong>Cappuccino ochuten\u00e9<\/strong>, 9 g k\u00e1va, napenen\u00e9 mlieko, 0,02 l sirup<br><strong>Caff\u00e9 latte<\/strong>, 9 g k\u00e1va, napenen\u00e9 mlieko<br><strong>Caff\u00e9 latte ochuten\u00e9<\/strong>, 9 g k\u00e1va, napenen\u00e9 mlieko, 0,02 l sirup<br><strong>K\u00e1va viedensk\u00e1<\/strong>, 9 g k\u00e1va, \u0161\u013eaha\u010dka<br><strong>K\u00e1va zalievan\u00e1<\/strong> &#8222;TUREK&#8220;, 9 g k\u00e1va<br><strong>Al\u017e\u00edrsk\u00e1 k\u00e1va<\/strong>, 9 g k\u00e1va, 0,02l vaje\u010dn\u00fd lik\u00e9r<br>\u013dadov\u00e1 k\u00e1va, 16 g k\u00e1va, mlieko, vanikov\u00e1 zmrzlina, \u0161\u013eaha\u010dka<\/p>\n\n\n\n<p class=\"has-text-align-center\" style=\"font-size:25px\"><strong>TEPL\u00c9 N\u00c1POJE<\/strong><\/p>\n\n\n\n<p style=\"font-size:18px\"><strong>Hor\u00faca \u010dokol\u00e1da so \u0161\u013eaha\u010dkou<\/strong><br>biela \/ mlie\u010dna \/ hork\u00e1<br><strong>\u010caj hor\u00faci<\/strong> &#8211; pod\u013ea aktu\u00e1lnej ponuky<br><strong>\u010caj z \u010derstvej M\u00c4TY<\/strong><br><strong>\u010caj z \u010derstv\u00e9ho Z\u00c1ZVORU<\/strong><br><strong>\u010caj s\u00fdpan\u00fd<\/strong> (pod\u00e1van\u00fd v \u010dajovom servise)<br><strong>\u010caj TURECK\u00dd<\/strong> prav\u00fd, (bez medu)<\/p>\n\n\n\n<p class=\"has-text-align-center\" style=\"font-size:25px\"><strong>NEALKO<\/strong><\/p>\n\n\n\n<p style=\"font-size:18px\"><strong>KOFOLA origin\u00e1l<\/strong>, 0,3 L\/0,5L \u010dapovan\u00e1<br><strong>D\u017eb\u00e1n vody<\/strong> 0,5 L\/1L \u010distej \/ s citrusmi<br><strong>Limon\u00e1da<\/strong>, 0,5L\/1L malina, malina-jahoda, mango, marakuja<br><strong>FRESH JUICE<\/strong>,0,2 l \u010derstv\u00e1 \u0161\u0165\u00e1va z citrusov<br><strong>RAJEC Pramenit\u00e1 voda<\/strong>,0,33 l f\u013e. nes\u00fdten\u00e1 \/ jemne s\u00fdten\u00e1 \/ s\u00fdten\u00e1<br><strong>TARGA Florio<\/strong>,0,25 l f\u013e. TONIC origin\u00e1l, ru\u017eov\u00fd, z\u00e1zvor, TARGA pomaran\u010d<br><strong>Royal crown COLA<\/strong>,0,25 l f\u013e. classic\/origin\u00e1l, no sugar\/bez cukru,<br><strong>VINEA<\/strong>, 0,25 l f\u013e. biela, \u010derven\u00e1<br><strong>MY TEA<\/strong>, 0,33 l f\u013e.brosky\u0148a<br><strong>Rauch, &#8211; 100%<\/strong>0,2 l f\u013e. anan\u00e1s, jablko, multivitam\u00edn, pomaran\u010d<br><strong>Rauch<\/strong>,0,2 l f\u013e. jahoda, hru\u0161ka, malina-brosky\u0148a, \u010dierna r\u00edbez\u013ea<\/p>\n\n\n\n<p class=\"has-text-align-center\" style=\"font-size:25px\"><strong>PROSECCO<\/strong><\/p>\n\n\n\n<p>I am prosseco 0,1L\/0,75L<br><\/p>\n\n\n\n<p class=\"has-text-align-center\" style=\"font-size:25px\"><strong>V\u00cdNO<\/strong><\/p>\n\n\n\n<p class=\"has-text-align-left\" style=\"font-size:18px\"><strong>TARAPACA &#8211; biele     <\/strong>                        <br>  sauvignon blanc, pinot grigio, 0,1L\/0,75L<br><strong>TARAPACA &#8211; \u010derven\u00e9<\/strong><br> merlot, cabernet sauvignon, syrah 0,1L\/0,75L<br><strong>Ch\u00e2teau Topo\u013e\u010dianky<\/strong><br>0,1 l tradi\u010dn\u00e9 r\u00edbez\u013eov\u00e9<\/p>\n\n\n\n<p class=\"has-text-align-center\" style=\"font-size:25px\"><strong>PIVO \u010cAPOVAN\u00c9(SEZ\u00d3NN\u00c1 PONUKA)<\/strong><\/p>\n\n\n\n<p style=\"font-size:18px\">Staroprame\u0148 11\u00b0,svetl\u00fd le\u017eiak 0,3L\/0,5L<\/p>\n\n\n\n<p style=\"font-size:18px\">Cool radler-grep nealko 0,3L\/0,5L<\/p>\n\n\n\n<p class=\"has-text-align-center\" style=\"font-size:25px\"><strong>PIVO-F\u013dA\u0160KOV\u00c9<\/strong><\/p>\n\n\n\n<p class=\"has-text-align-left\" style=\"font-size:18px\"><br><strong>Guinness<\/strong><br>0,33 l f\u013e. tmav\u00e9 s v\u00fdraznou sladkastou chu\u0165ou<br><strong>Kaltenecker, 0,33 l f\u013e.<\/strong><br>LAGER 11\u00b0 svetl\u00fd le\u017eiak<br>FIESTA 12\u00b0 svetl\u00e9 typu ALE<br>AKIMA IPA 13\u00b0 polotm. extra hork\u00e9 kvas. typu India Pale ALE<br>BROK\u00c1T DARK LAGER 13\u00b0 tmav\u00fd le\u017eiak<br>KAGAROO 14\u00b0 polotmav\u00e1 IPA<br><\/p>\n\n\n\n<p class=\"has-text-align-center\" style=\"font-size:25px\"><strong>PIVO-PLECH<\/strong><br><\/p>\n\n\n\n<p>ZB 0,0% nealko, 0,5 l PLECH<br>ZB 10\u00b0 0,5 l PLECH svetl\u00e9 v\u00fd\u010dapn\u00e9<br>ZB 12\u00b0 0,5 l PLECH svetl\u00fd le\u017eiak<br>Pilsner Urquell 12\u00b0 0,5 l PLECH svetl\u00fd le\u017eiak                                                                                                          Cool nealko 0,5 l PLECH citr\u00f3n, grep, baza, tmav\u00e1 slivka, jablko-hru\u0161ka<\/p>\n\n\n\n<p><\/p>\n","protected":false},"excerpt":{"rendered":"<div class=\"entry-summary\">\nK\u00c1VY Ristretto, 9 g k\u00e1vaEspresso, 9 g k\u00e1vaEspresso lungo, 9 g k\u00e1va,&hellip;\n<\/div>\n<div class=\"link-more\"><a href=\"https:\/\/bastionbudatin.sk\/?page_id=137\" class=\"more-link\">Pre\u010d\u00edta\u0165<span class=\"screen-reader-text\"> &ldquo;Ponuka&rdquo;<\/span>&hellip;<\/a><\/div>\n","protected":false},"author":1,"featured_media":0,"parent":0,"menu_order":0,"comment_status":"closed","ping_status":"closed","template":"","meta":{"_monsterinsights_skip_tracking":false,"_monsterinsights_sitenote_active":false,"_monsterinsights_sitenote_note":"","_monsterinsights_sitenote_category":0},"yoast_head":"<!-- This site is optimized with the Yoast SEO plugin v20.6 - https:\/\/yoast.com\/wordpress\/plugins\/seo\/ -->\n<title>Ponuka - \u2014 Bastion \u2014 Budatin \u2014<\/title>\n<meta name=\"description\" content=\"xxx\" \/>\n<meta name=\"robots\" content=\"index, follow, max-snippet:-1, max-image-preview:large, max-video-preview:-1\" \/>\n<link rel=\"canonical\" href=\"https:\/\/bastionbudatin.sk\/?page_id=137\" \/>\n<meta property=\"og:locale\" content=\"sk_SK\" \/>\n<meta property=\"og:type\" content=\"article\" \/>\n<meta property=\"og:title\" content=\"Ponuka - \u2014 Bastion \u2014 Budatin \u2014\" \/>\n<meta property=\"og:description\" content=\"xxx\" \/>\n<meta property=\"og:url\" content=\"https:\/\/bastionbudatin.sk\/?page_id=137\" \/>\n<meta property=\"og:site_name\" content=\"\u2014 Bastion \u2014 Budatin \u2014\" \/>\n<meta property=\"article:modified_time\" content=\"2024-08-13T07:41:51+00:00\" \/>\n<meta name=\"twitter:card\" content=\"summary_large_image\" \/>\n<meta name=\"twitter:label1\" content=\"Predpokladan\u00fd \u010das \u010d\u00edtania\" \/>\n\t<meta name=\"twitter:data1\" content=\"2 min\u00faty\" \/>\n<script type=\"application\/ld+json\" class=\"yoast-schema-graph\">{\"@context\":\"https:\/\/schema.org\",\"@graph\":[{\"@type\":\"WebPage\",\"@id\":\"https:\/\/bastionbudatin.sk\/?page_id=137\",\"url\":\"https:\/\/bastionbudatin.sk\/?page_id=137\",\"name\":\"Ponuka - \u2014 Bastion \u2014 Budatin \u2014\",\"isPartOf\":{\"@id\":\"https:\/\/bastionbudatin.sk\/#website\"},\"datePublished\":\"2022-08-01T09:32:10+00:00\",\"dateModified\":\"2024-08-13T07:41:51+00:00\",\"description\":\"xxx\",\"breadcrumb\":{\"@id\":\"https:\/\/bastionbudatin.sk\/?page_id=137#breadcrumb\"},\"inLanguage\":\"sk-SK\",\"potentialAction\":[{\"@type\":\"ReadAction\",\"target\":[\"https:\/\/bastionbudatin.sk\/?page_id=137\"]}]},{\"@type\":\"BreadcrumbList\",\"@id\":\"https:\/\/bastionbudatin.sk\/?page_id=137#breadcrumb\",\"itemListElement\":[{\"@type\":\"ListItem\",\"position\":1,\"name\":\"Home\",\"item\":\"https:\/\/bastionbudatin.sk\/\"},{\"@type\":\"ListItem\",\"position\":2,\"name\":\"Ponuka\"}]},{\"@type\":\"WebSite\",\"@id\":\"https:\/\/bastionbudatin.sk\/#website\",\"url\":\"https:\/\/bastionbudatin.sk\/\",\"name\":\"\u2014 Bastion \u2014 Budatin \u2014\",\"description\":\"HRADN\u00c1 kaviare\u0148 s ob\u010derstven\u00edm\",\"publisher\":{\"@id\":\"https:\/\/bastionbudatin.sk\/#organization\"},\"potentialAction\":[{\"@type\":\"SearchAction\",\"target\":{\"@type\":\"EntryPoint\",\"urlTemplate\":\"https:\/\/bastionbudatin.sk\/?s={search_term_string}\"},\"query-input\":\"required name=search_term_string\"}],\"inLanguage\":\"sk-SK\"},{\"@type\":\"Organization\",\"@id\":\"https:\/\/bastionbudatin.sk\/#organization\",\"name\":\"\u2014 Bastion \u2014 Budatin \u2014\",\"url\":\"https:\/\/bastionbudatin.sk\/\",\"logo\":{\"@type\":\"ImageObject\",\"inLanguage\":\"sk-SK\",\"@id\":\"https:\/\/bastionbudatin.sk\/#\/schema\/logo\/image\/\",\"url\":\"https:\/\/bastionbudatin.sk\/wp-content\/uploads\/2024\/07\/cropped-bastion_white.png\",\"contentUrl\":\"https:\/\/bastionbudatin.sk\/wp-content\/uploads\/2024\/07\/cropped-bastion_white.png\",\"width\":1630,\"height\":982,\"caption\":\"\u2014 Bastion \u2014                                               Budatin \u2014\"},\"image\":{\"@id\":\"https:\/\/bastionbudatin.sk\/#\/schema\/logo\/image\/\"}}]}<\/script>\n<!-- \/ Yoast SEO plugin. -->","yoast_head_json":{"title":"Ponuka - \u2014 Bastion \u2014 Budatin \u2014","description":"xxx","robots":{"index":"index","follow":"follow","max-snippet":"max-snippet:-1","max-image-preview":"max-image-preview:large","max-video-preview":"max-video-preview:-1"},"canonical":"https:\/\/bastionbudatin.sk\/?page_id=137","og_locale":"sk_SK","og_type":"article","og_title":"Ponuka - \u2014 Bastion \u2014 Budatin \u2014","og_description":"xxx","og_url":"https:\/\/bastionbudatin.sk\/?page_id=137","og_site_name":"\u2014 Bastion \u2014 Budatin \u2014","article_modified_time":"2024-08-13T07:41:51+00:00","twitter_card":"summary_large_image","twitter_misc":{"Predpokladan\u00fd \u010das \u010d\u00edtania":"2 min\u00faty"},"schema":{"@context":"https:\/\/schema.org","@graph":[{"@type":"WebPage","@id":"https:\/\/bastionbudatin.sk\/?page_id=137","url":"https:\/\/bastionbudatin.sk\/?page_id=137","name":"Ponuka - \u2014 Bastion \u2014 Budatin \u2014","isPartOf":{"@id":"https:\/\/bastionbudatin.sk\/#website"},"datePublished":"2022-08-01T09:32:10+00:00","dateModified":"2024-08-13T07:41:51+00:00","description":"xxx","breadcrumb":{"@id":"https:\/\/bastionbudatin.sk\/?page_id=137#breadcrumb"},"inLanguage":"sk-SK","potentialAction":[{"@type":"ReadAction","target":["https:\/\/bastionbudatin.sk\/?page_id=137"]}]},{"@type":"BreadcrumbList","@id":"https:\/\/bastionbudatin.sk\/?page_id=137#breadcrumb","itemListElement":[{"@type":"ListItem","position":1,"name":"Home","item":"https:\/\/bastionbudatin.sk\/"},{"@type":"ListItem","position":2,"name":"Ponuka"}]},{"@type":"WebSite","@id":"https:\/\/bastionbudatin.sk\/#website","url":"https:\/\/bastionbudatin.sk\/","name":"\u2014 Bastion \u2014 Budatin \u2014","description":"HRADN\u00c1 kaviare\u0148 s ob\u010derstven\u00edm","publisher":{"@id":"https:\/\/bastionbudatin.sk\/#organization"},"potentialAction":[{"@type":"SearchAction","target":{"@type":"EntryPoint","urlTemplate":"https:\/\/bastionbudatin.sk\/?s={search_term_string}"},"query-input":"required name=search_term_string"}],"inLanguage":"sk-SK"},{"@type":"Organization","@id":"https:\/\/bastionbudatin.sk\/#organization","name":"\u2014 Bastion \u2014 Budatin \u2014","url":"https:\/\/bastionbudatin.sk\/","logo":{"@type":"ImageObject","inLanguage":"sk-SK","@id":"https:\/\/bastionbudatin.sk\/#\/schema\/logo\/image\/","url":"https:\/\/bastionbudatin.sk\/wp-content\/uploads\/2024\/07\/cropped-bastion_white.png","contentUrl":"https:\/\/bastionbudatin.sk\/wp-content\/uploads\/2024\/07\/cropped-bastion_white.png","width":1630,"height":982,"caption":"\u2014 Bastion \u2014                                               Budatin \u2014"},"image":{"@id":"https:\/\/bastionbudatin.sk\/#\/schema\/logo\/image\/"}}]}},"_links":{"self":[{"href":"https:\/\/bastionbudatin.sk\/index.php?rest_route=\/wp\/v2\/pages\/137"}],"collection":[{"href":"https:\/\/bastionbudatin.sk\/index.php?rest_route=\/wp\/v2\/pages"}],"about":[{"href":"https:\/\/bastionbudatin.sk\/index.php?rest_route=\/wp\/v2\/types\/page"}],"author":[{"embeddable":true,"href":"https:\/\/bastionbudatin.sk\/index.php?rest_route=\/wp\/v2\/users\/1"}],"replies":[{"embeddable":true,"href":"https:\/\/bastionbudatin.sk\/index.php?rest_route=%2Fwp%2Fv2%2Fcomments&post=137"}],"version-history":[{"count":6,"href":"https:\/\/bastionbudatin.sk\/index.php?rest_route=\/wp\/v2\/pages\/137\/revisions"}],"predecessor-version":[{"id":344,"href":"https:\/\/bastionbudatin.sk\/index.php?rest_route=\/wp\/v2\/pages\/137\/revisions\/344"}],"wp:attachment":[{"href":"https:\/\/bastionbudatin.sk\/index.php?rest_route=%2Fwp%2Fv2%2Fmedia&parent=137"}],"curies":[{"name":"wp","href":"https:\/\/api.w.org\/{rel}","templated":true}]}}