{"id":16,"date":"2022-07-09T21:28:46","date_gmt":"2022-07-09T19:28:46","guid":{"rendered":"http:\/\/d.r5.wbsprt.com\/bastionbudatin.sk\/?page_id=16"},"modified":"2024-08-01T10:02:36","modified_gmt":"2024-08-01T08:02:36","slug":"o-nas","status":"publish","type":"page","link":"https:\/\/bastionbudatin.sk\/","title":{"rendered":"O n\u00e1s&#8230;"},"content":{"rendered":"\n<p style=\"font-size:18px\">Mil\u00ed na\u0161i z\u00e1kazn\u00edci, t\u00ed, ktor\u00ed sa ku n\u00e1m vraciate a aj t\u00ed, ktor\u00ed o n\u00e1s e\u0161te neviete\u2026\u2026<\/p>\n\n\n\n<p class=\"has-text-align-left\" style=\"font-size:18px\">Od m\u00e1ja 2022 m\u00e1me pre V\u00e1s otvoren\u00e9 ka\u017ed\u00fd de\u0148. V n\u00e1dhernom Budat\u00ednskom parku a priamo na<br>Budat\u00ednskom hrade V\u00e1m pon\u00fakame pr\u00edjemn\u00e9 posedenie na terase a aj vo<br>vn\u00fatorn\u00fdch priestoroch s historick\u00fdm n\u00e1dychom.<br>M\u00f4\u017eete si vychutna\u0165  skvel\u00fa a neodolate\u013en\u00fa chu\u0165 k\u00e1vy Buondi a ku k\u00e1vi\u010dke si pochutna\u0165 na v\u00fdborn\u00fdch kol\u00e1\u010dikoch.Osvie\u017ei\u0165 sa u n\u00e1s m\u00f4\u017eete chladen\u00fdmi alko aj nealko n\u00e1pojmi, pre t\u00fdch hladnej\u0161\u00edch m\u00e1me aj street food.<\/p>\n\n\n\n<p class=\"has-text-align-left\" style=\"font-size:18px\">Po\u010das hor\u00facich dn\u00ed pon\u00fakame \u0161irok\u00fa \u0161k\u00e1lu nanukov, alebo sa m\u00f4\u017eete osvie\u017ei\u0165 zmrzlinov\u00fdm poh\u00e1rom.<br>Ve\u013emi sa na V\u00e1s te\u0161\u00edme\u2026.<\/p>\n\n\n\n<blockquote class=\"wp-block-quote has-medium-font-size\"><p>\u201cV\u0161etko \u010do potrebuje\u0161 je l\u00e1ska a k\u00e1vi\u010dka\u201d<\/p><\/blockquote>\n\n\n<div class=\"wp-block-image is-style-default\">\n<figure class=\"alignleft size-large\"><img loading=\"lazy\" width=\"768\" height=\"1024\" src=\"http:\/\/bastionbudatin.sk\/wp-content\/uploads\/2024\/07\/IMG_7099-768x1024.jpeg\" alt=\"\" class=\"wp-image-224\" srcset=\"https:\/\/bastionbudatin.sk\/wp-content\/uploads\/2024\/07\/IMG_7099-768x1024.jpeg 768w, https:\/\/bastionbudatin.sk\/wp-content\/uploads\/2024\/07\/IMG_7099-225x300.jpeg 225w, https:\/\/bastionbudatin.sk\/wp-content\/uploads\/2024\/07\/IMG_7099-1152x1536.jpeg 1152w, https:\/\/bastionbudatin.sk\/wp-content\/uploads\/2024\/07\/IMG_7099-1536x2048.jpeg 1536w, https:\/\/bastionbudatin.sk\/wp-content\/uploads\/2024\/07\/IMG_7099-scaled.jpeg 1920w\" sizes=\"(max-width: 768px) 100vw, 768px\" \/><\/figure><\/div>\n\n\n<p><\/p>\n","protected":false},"excerpt":{"rendered":"<div class=\"entry-summary\">\nMil\u00ed na\u0161i z\u00e1kazn\u00edci, t\u00ed, ktor\u00ed sa ku n\u00e1m vraciate a aj t\u00ed,&hellip;\n<\/div>\n<div class=\"link-more\"><a href=\"https:\/\/bastionbudatin.sk\/\" class=\"more-link\">Pre\u010d\u00edta\u0165<span class=\"screen-reader-text\"> &ldquo;O n\u00e1s&#8230;&rdquo;<\/span>&hellip;<\/a><\/div>\n","protected":false},"author":1,"featured_media":0,"parent":0,"menu_order":0,"comment_status":"closed","ping_status":"closed","template":"","meta":{"_monsterinsights_skip_tracking":false,"_monsterinsights_sitenote_active":false,"_monsterinsights_sitenote_note":"","_monsterinsights_sitenote_category":0},"yoast_head":"<!-- This site is optimized with the Yoast SEO plugin v20.6 - https:\/\/yoast.com\/wordpress\/plugins\/seo\/ -->\n<title>O n\u00e1s... - \u2014 Bastion \u2014 Budatin \u2014<\/title>\n<meta name=\"robots\" content=\"index, follow, max-snippet:-1, max-image-preview:large, max-video-preview:-1\" \/>\n<link rel=\"canonical\" href=\"https:\/\/bastionbudatin.sk\/\" \/>\n<meta property=\"og:locale\" content=\"sk_SK\" \/>\n<meta property=\"og:type\" content=\"article\" \/>\n<meta property=\"og:title\" content=\"bastionbudatin\" \/>\n<meta property=\"og:description\" content=\"Mil\u00ed na\u0161i z\u00e1kazn\u00edci, t\u00ed, ktor\u00ed sa ku n\u00e1m vraciate a aj t\u00ed,&hellip; Pre\u010d\u00edta\u0165 &ldquo;O n\u00e1s&#8230;&rdquo;&hellip;\" \/>\n<meta property=\"og:url\" content=\"https:\/\/bastionbudatin.sk\/\" \/>\n<meta property=\"og:site_name\" content=\"\u2014 Bastion \u2014 Budatin \u2014\" \/>\n<meta property=\"article:modified_time\" content=\"2024-08-01T08:02:36+00:00\" \/>\n<meta property=\"og:image\" content=\"http:\/\/bastionbudatin.sk\/wp-content\/uploads\/2024\/07\/IMG_7099-768x1024.jpeg\" \/>\n<meta name=\"twitter:card\" content=\"summary_large_image\" \/>\n<meta name=\"twitter:label1\" content=\"Predpokladan\u00fd \u010das \u010d\u00edtania\" \/>\n\t<meta name=\"twitter:data1\" content=\"1 min\u00fata\" \/>\n<script type=\"application\/ld+json\" class=\"yoast-schema-graph\">{\"@context\":\"https:\/\/schema.org\",\"@graph\":[{\"@type\":[\"Article\",\"BlogPosting\"],\"@id\":\"https:\/\/bastionbudatin.sk\/#article\",\"isPartOf\":{\"@id\":\"https:\/\/bastionbudatin.sk\/\"},\"author\":{\"name\":\"bastionbudatin\",\"@id\":\"https:\/\/bastionbudatin.sk\/#\/schema\/person\/22428b9d1c2bef94508f1a56caf59188\"},\"headline\":\"O n\u00e1s&#8230;\",\"datePublished\":\"2022-07-09T19:28:46+00:00\",\"dateModified\":\"2024-08-01T08:02:36+00:00\",\"mainEntityOfPage\":{\"@id\":\"https:\/\/bastionbudatin.sk\/\"},\"wordCount\":159,\"publisher\":{\"@id\":\"https:\/\/bastionbudatin.sk\/#organization\"},\"inLanguage\":\"sk-SK\"},{\"@type\":\"WebPage\",\"@id\":\"https:\/\/bastionbudatin.sk\/\",\"url\":\"https:\/\/bastionbudatin.sk\/\",\"name\":\"O n\u00e1s... - \u2014 Bastion \u2014 Budatin \u2014\",\"isPartOf\":{\"@id\":\"https:\/\/bastionbudatin.sk\/#website\"},\"datePublished\":\"2022-07-09T19:28:46+00:00\",\"dateModified\":\"2024-08-01T08:02:36+00:00\",\"breadcrumb\":{\"@id\":\"https:\/\/bastionbudatin.sk\/#breadcrumb\"},\"inLanguage\":\"sk-SK\",\"potentialAction\":[{\"@type\":\"ReadAction\",\"target\":[\"https:\/\/bastionbudatin.sk\/\"]}]},{\"@type\":\"BreadcrumbList\",\"@id\":\"https:\/\/bastionbudatin.sk\/#breadcrumb\",\"itemListElement\":[{\"@type\":\"ListItem\",\"position\":1,\"name\":\"Home\",\"item\":\"https:\/\/bastionbudatin.sk\/\"},{\"@type\":\"ListItem\",\"position\":2,\"name\":\"O n\u00e1s&#8230;\"}]},{\"@type\":\"WebSite\",\"@id\":\"https:\/\/bastionbudatin.sk\/#website\",\"url\":\"https:\/\/bastionbudatin.sk\/\",\"name\":\"\u2014 Bastion \u2014 Budatin \u2014\",\"description\":\"HRADN\u00c1 kaviare\u0148 s ob\u010derstven\u00edm\",\"publisher\":{\"@id\":\"https:\/\/bastionbudatin.sk\/#organization\"},\"potentialAction\":[{\"@type\":\"SearchAction\",\"target\":{\"@type\":\"EntryPoint\",\"urlTemplate\":\"https:\/\/bastionbudatin.sk\/?s={search_term_string}\"},\"query-input\":\"required name=search_term_string\"}],\"inLanguage\":\"sk-SK\"},{\"@type\":\"Organization\",\"@id\":\"https:\/\/bastionbudatin.sk\/#organization\",\"name\":\"\u2014 Bastion \u2014 Budatin \u2014\",\"url\":\"https:\/\/bastionbudatin.sk\/\",\"logo\":{\"@type\":\"ImageObject\",\"inLanguage\":\"sk-SK\",\"@id\":\"https:\/\/bastionbudatin.sk\/#\/schema\/logo\/image\/\",\"url\":\"https:\/\/bastionbudatin.sk\/wp-content\/uploads\/2024\/07\/cropped-bastion_white.png\",\"contentUrl\":\"https:\/\/bastionbudatin.sk\/wp-content\/uploads\/2024\/07\/cropped-bastion_white.png\",\"width\":1630,\"height\":982,\"caption\":\"\u2014 Bastion \u2014                                               Budatin \u2014\"},\"image\":{\"@id\":\"https:\/\/bastionbudatin.sk\/#\/schema\/logo\/image\/\"}},{\"@type\":\"Person\",\"@id\":\"https:\/\/bastionbudatin.sk\/#\/schema\/person\/22428b9d1c2bef94508f1a56caf59188\",\"name\":\"bastionbudatin\",\"image\":{\"@type\":\"ImageObject\",\"inLanguage\":\"sk-SK\",\"@id\":\"https:\/\/bastionbudatin.sk\/#\/schema\/person\/image\/\",\"url\":\"https:\/\/secure.gravatar.com\/avatar\/498f53e937962f778e25da92cd08cf93?s=96&d=mm&r=g\",\"contentUrl\":\"https:\/\/secure.gravatar.com\/avatar\/498f53e937962f778e25da92cd08cf93?s=96&d=mm&r=g\",\"caption\":\"bastionbudatin\"},\"sameAs\":[\"http:\/\/bastionbudatin.sk\"],\"url\":\"https:\/\/bastionbudatin.sk\/?author=1\"}]}<\/script>\n<!-- \/ Yoast SEO plugin. -->","yoast_head_json":{"title":"O n\u00e1s... - \u2014 Bastion \u2014 Budatin \u2014","robots":{"index":"index","follow":"follow","max-snippet":"max-snippet:-1","max-image-preview":"max-image-preview:large","max-video-preview":"max-video-preview:-1"},"canonical":"https:\/\/bastionbudatin.sk\/","og_locale":"sk_SK","og_type":"article","og_title":"bastionbudatin","og_description":"Mil\u00ed na\u0161i z\u00e1kazn\u00edci, t\u00ed, ktor\u00ed sa ku n\u00e1m vraciate a aj t\u00ed,&hellip; Pre\u010d\u00edta\u0165 &ldquo;O n\u00e1s&#8230;&rdquo;&hellip;","og_url":"https:\/\/bastionbudatin.sk\/","og_site_name":"\u2014 Bastion \u2014 Budatin \u2014","article_modified_time":"2024-08-01T08:02:36+00:00","og_image":[{"url":"http:\/\/bastionbudatin.sk\/wp-content\/uploads\/2024\/07\/IMG_7099-768x1024.jpeg"}],"twitter_card":"summary_large_image","twitter_misc":{"Predpokladan\u00fd \u010das \u010d\u00edtania":"1 min\u00fata"},"schema":{"@context":"https:\/\/schema.org","@graph":[{"@type":["Article","BlogPosting"],"@id":"https:\/\/bastionbudatin.sk\/#article","isPartOf":{"@id":"https:\/\/bastionbudatin.sk\/"},"author":{"name":"bastionbudatin","@id":"https:\/\/bastionbudatin.sk\/#\/schema\/person\/22428b9d1c2bef94508f1a56caf59188"},"headline":"O n\u00e1s&#8230;","datePublished":"2022-07-09T19:28:46+00:00","dateModified":"2024-08-01T08:02:36+00:00","mainEntityOfPage":{"@id":"https:\/\/bastionbudatin.sk\/"},"wordCount":159,"publisher":{"@id":"https:\/\/bastionbudatin.sk\/#organization"},"inLanguage":"sk-SK"},{"@type":"WebPage","@id":"https:\/\/bastionbudatin.sk\/","url":"https:\/\/bastionbudatin.sk\/","name":"O n\u00e1s... - \u2014 Bastion \u2014 Budatin \u2014","isPartOf":{"@id":"https:\/\/bastionbudatin.sk\/#website"},"datePublished":"2022-07-09T19:28:46+00:00","dateModified":"2024-08-01T08:02:36+00:00","breadcrumb":{"@id":"https:\/\/bastionbudatin.sk\/#breadcrumb"},"inLanguage":"sk-SK","potentialAction":[{"@type":"ReadAction","target":["https:\/\/bastionbudatin.sk\/"]}]},{"@type":"BreadcrumbList","@id":"https:\/\/bastionbudatin.sk\/#breadcrumb","itemListElement":[{"@type":"ListItem","position":1,"name":"Home","item":"https:\/\/bastionbudatin.sk\/"},{"@type":"ListItem","position":2,"name":"O n\u00e1s&#8230;"}]},{"@type":"WebSite","@id":"https:\/\/bastionbudatin.sk\/#website","url":"https:\/\/bastionbudatin.sk\/","name":"\u2014 Bastion \u2014 Budatin \u2014","description":"HRADN\u00c1 kaviare\u0148 s ob\u010derstven\u00edm","publisher":{"@id":"https:\/\/bastionbudatin.sk\/#organization"},"potentialAction":[{"@type":"SearchAction","target":{"@type":"EntryPoint","urlTemplate":"https:\/\/bastionbudatin.sk\/?s={search_term_string}"},"query-input":"required name=search_term_string"}],"inLanguage":"sk-SK"},{"@type":"Organization","@id":"https:\/\/bastionbudatin.sk\/#organization","name":"\u2014 Bastion \u2014 Budatin \u2014","url":"https:\/\/bastionbudatin.sk\/","logo":{"@type":"ImageObject","inLanguage":"sk-SK","@id":"https:\/\/bastionbudatin.sk\/#\/schema\/logo\/image\/","url":"https:\/\/bastionbudatin.sk\/wp-content\/uploads\/2024\/07\/cropped-bastion_white.png","contentUrl":"https:\/\/bastionbudatin.sk\/wp-content\/uploads\/2024\/07\/cropped-bastion_white.png","width":1630,"height":982,"caption":"\u2014 Bastion \u2014                                               Budatin \u2014"},"image":{"@id":"https:\/\/bastionbudatin.sk\/#\/schema\/logo\/image\/"}},{"@type":"Person","@id":"https:\/\/bastionbudatin.sk\/#\/schema\/person\/22428b9d1c2bef94508f1a56caf59188","name":"bastionbudatin","image":{"@type":"ImageObject","inLanguage":"sk-SK","@id":"https:\/\/bastionbudatin.sk\/#\/schema\/person\/image\/","url":"https:\/\/secure.gravatar.com\/avatar\/498f53e937962f778e25da92cd08cf93?s=96&d=mm&r=g","contentUrl":"https:\/\/secure.gravatar.com\/avatar\/498f53e937962f778e25da92cd08cf93?s=96&d=mm&r=g","caption":"bastionbudatin"},"sameAs":["http:\/\/bastionbudatin.sk"],"url":"https:\/\/bastionbudatin.sk\/?author=1"}]}},"_links":{"self":[{"href":"https:\/\/bastionbudatin.sk\/index.php?rest_route=\/wp\/v2\/pages\/16"}],"collection":[{"href":"https:\/\/bastionbudatin.sk\/index.php?rest_route=\/wp\/v2\/pages"}],"about":[{"href":"https:\/\/bastionbudatin.sk\/index.php?rest_route=\/wp\/v2\/types\/page"}],"author":[{"embeddable":true,"href":"https:\/\/bastionbudatin.sk\/index.php?rest_route=\/wp\/v2\/users\/1"}],"replies":[{"embeddable":true,"href":"https:\/\/bastionbudatin.sk\/index.php?rest_route=%2Fwp%2Fv2%2Fcomments&post=16"}],"version-history":[{"count":6,"href":"https:\/\/bastionbudatin.sk\/index.php?rest_route=\/wp\/v2\/pages\/16\/revisions"}],"predecessor-version":[{"id":320,"href":"https:\/\/bastionbudatin.sk\/index.php?rest_route=\/wp\/v2\/pages\/16\/revisions\/320"}],"wp:attachment":[{"href":"https:\/\/bastionbudatin.sk\/index.php?rest_route=%2Fwp%2Fv2%2Fmedia&parent=16"}],"curies":[{"name":"wp","href":"https:\/\/api.w.org\/{rel}","templated":true}]}}