{"id":176,"date":"2024-03-13T15:20:32","date_gmt":"2024-03-13T14:20:32","guid":{"rendered":"http:\/\/bastionbudatin.sk\/?page_id=176"},"modified":"2024-08-01T10:13:44","modified_gmt":"2024-08-01T08:13:44","slug":"oslavy-promocie-krstiny","status":"publish","type":"page","link":"https:\/\/bastionbudatin.sk\/?page_id=176","title":{"rendered":"Oslavy, prom\u00f3cie, krstiny&#8230;"},"content":{"rendered":"\n<p class=\"has-text-align-center\" style=\"font-size:18px\"><mark style=\"background-color:rgba(0, 0, 0, 0)\" class=\"has-inline-color has-black-color\">Pl\u00e1nujete oslavu, krstiny, firemn\u00e9 posedenie \u010di in\u00e9 podujatie? Radi V\u00e1m to spln\u00edme v na\u0161ich hradn\u00fdch priestoroch s kapacitou 28 os\u00f4b.<\/mark><\/p>\n\n\n\n<figure class=\"wp-block-image size-large\"><img loading=\"lazy\" width=\"1024\" height=\"485\" src=\"http:\/\/bastionbudatin.sk\/wp-content\/uploads\/2024\/03\/396102067_316671737738099_8020924990924714302_n-1024x485.jpg\" alt=\"\" class=\"wp-image-195\" srcset=\"https:\/\/bastionbudatin.sk\/wp-content\/uploads\/2024\/03\/396102067_316671737738099_8020924990924714302_n-1024x485.jpg 1024w, https:\/\/bastionbudatin.sk\/wp-content\/uploads\/2024\/03\/396102067_316671737738099_8020924990924714302_n-300x142.jpg 300w, https:\/\/bastionbudatin.sk\/wp-content\/uploads\/2024\/03\/396102067_316671737738099_8020924990924714302_n-768x363.jpg 768w, https:\/\/bastionbudatin.sk\/wp-content\/uploads\/2024\/03\/396102067_316671737738099_8020924990924714302_n-1536x727.jpg 1536w, https:\/\/bastionbudatin.sk\/wp-content\/uploads\/2024\/03\/396102067_316671737738099_8020924990924714302_n.jpg 2016w\" sizes=\"(max-width: 1024px) 100vw, 1024px\" \/><\/figure>\n\n\n\n<p class=\"has-text-align-center\" style=\"font-size:18px\"><mark style=\"background-color:rgba(0, 0, 0, 0)\" class=\"has-inline-color has-black-color\">V romantickom prostred\u00ed V\u00e1m pon\u00fakame individu\u00e1lny pr\u00edstup, sl\u00e1vnostn\u00fa v\u00fdzdobu, v\u00fdborn\u00e9 dom\u00e1ce jedlo z na\u0161ej kuchyne, pr\u00edjemn\u00fd a \u00fastretov\u00fd person\u00e1l.<\/mark><\/p>\n\n\n\n<p><\/p>\n\n\n<div class=\"wp-block-image\">\n<figure class=\"aligncenter size-large is-resized\"><img loading=\"lazy\" src=\"http:\/\/bastionbudatin.sk\/wp-content\/uploads\/2024\/03\/420028819_361849089925570_3093066814811784316_n-916x1024.jpg\" alt=\"\" class=\"wp-image-196\" width=\"687\" height=\"600\"\/><\/figure><\/div>\n\n\n<p class=\"has-text-align-center\" style=\"font-size:18px\"><mark style=\"background-color:rgba(0, 0, 0, 0)\" class=\"has-inline-color has-black-color\">V pr\u00edpade z\u00e1uj mu n\u00e1s nev\u00e1hajte kontaktova\u0165 na emailovej adrese bastionbudatin@gmail.com.<\/mark><\/p>\n\n\n\n<p><\/p>\n\n\n\n<figure class=\"wp-container-2 wp-block-gallery-1 wp-block-gallery has-nested-images columns-default is-cropped\">\n<figure class=\"wp-block-image size-large\"><img loading=\"lazy\" width=\"1024\" height=\"485\" data-id=\"198\"  src=\"http:\/\/bastionbudatin.sk\/wp-content\/uploads\/2024\/03\/365416537_266845556092591_6703303509642437432_n-1024x485.jpg\" alt=\"\" class=\"wp-image-198\" srcset=\"https:\/\/bastionbudatin.sk\/wp-content\/uploads\/2024\/03\/365416537_266845556092591_6703303509642437432_n-1024x485.jpg 1024w, https:\/\/bastionbudatin.sk\/wp-content\/uploads\/2024\/03\/365416537_266845556092591_6703303509642437432_n-300x142.jpg 300w, https:\/\/bastionbudatin.sk\/wp-content\/uploads\/2024\/03\/365416537_266845556092591_6703303509642437432_n-768x363.jpg 768w, https:\/\/bastionbudatin.sk\/wp-content\/uploads\/2024\/03\/365416537_266845556092591_6703303509642437432_n-1536x727.jpg 1536w, https:\/\/bastionbudatin.sk\/wp-content\/uploads\/2024\/03\/365416537_266845556092591_6703303509642437432_n.jpg 2016w\" sizes=\"(max-width: 1024px) 100vw, 1024px\" \/><\/figure>\n\n\n\n<figure class=\"wp-block-image size-large\"><img loading=\"lazy\" width=\"1024\" height=\"485\" data-id=\"202\"  src=\"http:\/\/bastionbudatin.sk\/wp-content\/uploads\/2024\/03\/420023084_361848856592260_5008784768658292289_n-1024x485.jpg\" alt=\"\" class=\"wp-image-202\" srcset=\"https:\/\/bastionbudatin.sk\/wp-content\/uploads\/2024\/03\/420023084_361848856592260_5008784768658292289_n-1024x485.jpg 1024w, https:\/\/bastionbudatin.sk\/wp-content\/uploads\/2024\/03\/420023084_361848856592260_5008784768658292289_n-300x142.jpg 300w, https:\/\/bastionbudatin.sk\/wp-content\/uploads\/2024\/03\/420023084_361848856592260_5008784768658292289_n-768x364.jpg 768w, https:\/\/bastionbudatin.sk\/wp-content\/uploads\/2024\/03\/420023084_361848856592260_5008784768658292289_n-1536x728.jpg 1536w, https:\/\/bastionbudatin.sk\/wp-content\/uploads\/2024\/03\/420023084_361848856592260_5008784768658292289_n.jpg 2048w\" sizes=\"(max-width: 1024px) 100vw, 1024px\" \/><\/figure>\n\n\n\n<figure class=\"wp-block-image size-large\"><img loading=\"lazy\" width=\"486\" height=\"1024\" data-id=\"201\"  src=\"http:\/\/bastionbudatin.sk\/wp-content\/uploads\/2024\/03\/420058962_361849016592244_9091328827645218434_n-486x1024.jpg\" alt=\"\" class=\"wp-image-201\" srcset=\"https:\/\/bastionbudatin.sk\/wp-content\/uploads\/2024\/03\/420058962_361849016592244_9091328827645218434_n-486x1024.jpg 486w, https:\/\/bastionbudatin.sk\/wp-content\/uploads\/2024\/03\/420058962_361849016592244_9091328827645218434_n-142x300.jpg 142w, https:\/\/bastionbudatin.sk\/wp-content\/uploads\/2024\/03\/420058962_361849016592244_9091328827645218434_n-768x1620.jpg 768w, https:\/\/bastionbudatin.sk\/wp-content\/uploads\/2024\/03\/420058962_361849016592244_9091328827645218434_n-728x1536.jpg 728w, https:\/\/bastionbudatin.sk\/wp-content\/uploads\/2024\/03\/420058962_361849016592244_9091328827645218434_n.jpg 971w\" sizes=\"(max-width: 486px) 100vw, 486px\" \/><\/figure>\n\n\n\n<figure class=\"wp-block-image size-large\"><img loading=\"lazy\" width=\"731\" height=\"1024\" data-id=\"199\"  src=\"http:\/\/bastionbudatin.sk\/wp-content\/uploads\/2024\/03\/420062019_361848979925581_2143580317250956128_n-731x1024.jpg\" alt=\"\" class=\"wp-image-199\" srcset=\"https:\/\/bastionbudatin.sk\/wp-content\/uploads\/2024\/03\/420062019_361848979925581_2143580317250956128_n-731x1024.jpg 731w, https:\/\/bastionbudatin.sk\/wp-content\/uploads\/2024\/03\/420062019_361848979925581_2143580317250956128_n-214x300.jpg 214w, https:\/\/bastionbudatin.sk\/wp-content\/uploads\/2024\/03\/420062019_361848979925581_2143580317250956128_n-768x1076.jpg 768w, https:\/\/bastionbudatin.sk\/wp-content\/uploads\/2024\/03\/420062019_361848979925581_2143580317250956128_n.jpg 954w\" sizes=\"(max-width: 731px) 100vw, 731px\" \/><\/figure>\n\n\n\n<figure class=\"wp-block-image size-large\"><img loading=\"lazy\" width=\"486\" height=\"1024\" data-id=\"200\"  src=\"http:\/\/bastionbudatin.sk\/wp-content\/uploads\/2024\/03\/420309302_361849173258895_9009555851810253757_n-486x1024.jpg\" alt=\"\" class=\"wp-image-200\" srcset=\"https:\/\/bastionbudatin.sk\/wp-content\/uploads\/2024\/03\/420309302_361849173258895_9009555851810253757_n-486x1024.jpg 486w, https:\/\/bastionbudatin.sk\/wp-content\/uploads\/2024\/03\/420309302_361849173258895_9009555851810253757_n-142x300.jpg 142w, https:\/\/bastionbudatin.sk\/wp-content\/uploads\/2024\/03\/420309302_361849173258895_9009555851810253757_n-768x1620.jpg 768w, https:\/\/bastionbudatin.sk\/wp-content\/uploads\/2024\/03\/420309302_361849173258895_9009555851810253757_n-728x1536.jpg 728w, https:\/\/bastionbudatin.sk\/wp-content\/uploads\/2024\/03\/420309302_361849173258895_9009555851810253757_n.jpg 971w\" sizes=\"(max-width: 486px) 100vw, 486px\" \/><\/figure>\n\n\n\n<figure class=\"wp-block-image size-large\"><img loading=\"lazy\" width=\"485\" height=\"1024\" data-id=\"197\"  src=\"http:\/\/bastionbudatin.sk\/wp-content\/uploads\/2024\/03\/420349748_361848916592254_3541163628621973736_n-485x1024.jpg\" alt=\"\" class=\"wp-image-197\" srcset=\"https:\/\/bastionbudatin.sk\/wp-content\/uploads\/2024\/03\/420349748_361848916592254_3541163628621973736_n-485x1024.jpg 485w, https:\/\/bastionbudatin.sk\/wp-content\/uploads\/2024\/03\/420349748_361848916592254_3541163628621973736_n-142x300.jpg 142w, https:\/\/bastionbudatin.sk\/wp-content\/uploads\/2024\/03\/420349748_361848916592254_3541163628621973736_n-768x1622.jpg 768w, https:\/\/bastionbudatin.sk\/wp-content\/uploads\/2024\/03\/420349748_361848916592254_3541163628621973736_n-728x1536.jpg 728w, https:\/\/bastionbudatin.sk\/wp-content\/uploads\/2024\/03\/420349748_361848916592254_3541163628621973736_n.jpg 970w\" sizes=\"(max-width: 485px) 100vw, 485px\" \/><\/figure>\n<figcaption class=\"blocks-gallery-caption\">  <\/figcaption><\/figure>\n","protected":false},"excerpt":{"rendered":"<div class=\"entry-summary\">\nPl\u00e1nujete oslavu, krstiny, firemn\u00e9 posedenie \u010di in\u00e9 podujatie? Radi V\u00e1m to spln\u00edme&hellip;\n<\/div>\n<div class=\"link-more\"><a href=\"https:\/\/bastionbudatin.sk\/?page_id=176\" class=\"more-link\">Pre\u010d\u00edta\u0165<span class=\"screen-reader-text\"> &ldquo;Oslavy, prom\u00f3cie, krstiny&#8230;&rdquo;<\/span>&hellip;<\/a><\/div>\n","protected":false},"author":1,"featured_media":0,"parent":0,"menu_order":0,"comment_status":"closed","ping_status":"closed","template":"","meta":{"_monsterinsights_skip_tracking":false,"_monsterinsights_sitenote_active":false,"_monsterinsights_sitenote_note":"","_monsterinsights_sitenote_category":0},"yoast_head":"<!-- This site is optimized with the Yoast SEO plugin v20.6 - https:\/\/yoast.com\/wordpress\/plugins\/seo\/ -->\n<title>Oslavy, prom\u00f3cie, krstiny... - \u2014 Bastion \u2014 Budatin \u2014<\/title>\n<meta name=\"robots\" content=\"index, follow, max-snippet:-1, max-image-preview:large, max-video-preview:-1\" \/>\n<link rel=\"canonical\" href=\"https:\/\/bastionbudatin.sk\/?page_id=176\" \/>\n<meta property=\"og:locale\" content=\"sk_SK\" \/>\n<meta property=\"og:type\" content=\"article\" \/>\n<meta property=\"og:title\" content=\"Oslavy, prom\u00f3cie, krstiny... - \u2014 Bastion \u2014 Budatin \u2014\" \/>\n<meta property=\"og:description\" content=\"Pl\u00e1nujete oslavu, krstiny, firemn\u00e9 posedenie \u010di in\u00e9 podujatie? Radi V\u00e1m to spln\u00edme&hellip; Pre\u010d\u00edta\u0165 &ldquo;Oslavy, prom\u00f3cie, krstiny&#8230;&rdquo;&hellip;\" \/>\n<meta property=\"og:url\" content=\"https:\/\/bastionbudatin.sk\/?page_id=176\" \/>\n<meta property=\"og:site_name\" content=\"\u2014 Bastion \u2014 Budatin \u2014\" \/>\n<meta property=\"article:modified_time\" content=\"2024-08-01T08:13:44+00:00\" \/>\n<meta property=\"og:image\" content=\"http:\/\/bastionbudatin.sk\/wp-content\/uploads\/2024\/03\/396102067_316671737738099_8020924990924714302_n-1024x485.jpg\" \/>\n<meta name=\"twitter:card\" content=\"summary_large_image\" \/>\n<meta name=\"twitter:label1\" content=\"Predpokladan\u00fd \u010das \u010d\u00edtania\" \/>\n\t<meta name=\"twitter:data1\" content=\"2 min\u00faty\" \/>\n<script type=\"application\/ld+json\" class=\"yoast-schema-graph\">{\"@context\":\"https:\/\/schema.org\",\"@graph\":[{\"@type\":\"WebPage\",\"@id\":\"https:\/\/bastionbudatin.sk\/?page_id=176\",\"url\":\"https:\/\/bastionbudatin.sk\/?page_id=176\",\"name\":\"Oslavy, prom\u00f3cie, krstiny... - \u2014 Bastion \u2014 Budatin \u2014\",\"isPartOf\":{\"@id\":\"https:\/\/bastionbudatin.sk\/#website\"},\"datePublished\":\"2024-03-13T14:20:32+00:00\",\"dateModified\":\"2024-08-01T08:13:44+00:00\",\"breadcrumb\":{\"@id\":\"https:\/\/bastionbudatin.sk\/?page_id=176#breadcrumb\"},\"inLanguage\":\"sk-SK\",\"potentialAction\":[{\"@type\":\"ReadAction\",\"target\":[\"https:\/\/bastionbudatin.sk\/?page_id=176\"]}]},{\"@type\":\"BreadcrumbList\",\"@id\":\"https:\/\/bastionbudatin.sk\/?page_id=176#breadcrumb\",\"itemListElement\":[{\"@type\":\"ListItem\",\"position\":1,\"name\":\"Home\",\"item\":\"https:\/\/bastionbudatin.sk\/\"},{\"@type\":\"ListItem\",\"position\":2,\"name\":\"Oslavy, prom\u00f3cie, krstiny&#8230;\"}]},{\"@type\":\"WebSite\",\"@id\":\"https:\/\/bastionbudatin.sk\/#website\",\"url\":\"https:\/\/bastionbudatin.sk\/\",\"name\":\"\u2014 Bastion \u2014 Budatin \u2014\",\"description\":\"HRADN\u00c1 kaviare\u0148 s ob\u010derstven\u00edm\",\"publisher\":{\"@id\":\"https:\/\/bastionbudatin.sk\/#organization\"},\"potentialAction\":[{\"@type\":\"SearchAction\",\"target\":{\"@type\":\"EntryPoint\",\"urlTemplate\":\"https:\/\/bastionbudatin.sk\/?s={search_term_string}\"},\"query-input\":\"required name=search_term_string\"}],\"inLanguage\":\"sk-SK\"},{\"@type\":\"Organization\",\"@id\":\"https:\/\/bastionbudatin.sk\/#organization\",\"name\":\"\u2014 Bastion \u2014 Budatin \u2014\",\"url\":\"https:\/\/bastionbudatin.sk\/\",\"logo\":{\"@type\":\"ImageObject\",\"inLanguage\":\"sk-SK\",\"@id\":\"https:\/\/bastionbudatin.sk\/#\/schema\/logo\/image\/\",\"url\":\"https:\/\/bastionbudatin.sk\/wp-content\/uploads\/2024\/07\/cropped-bastion_white.png\",\"contentUrl\":\"https:\/\/bastionbudatin.sk\/wp-content\/uploads\/2024\/07\/cropped-bastion_white.png\",\"width\":1630,\"height\":982,\"caption\":\"\u2014 Bastion \u2014                                               Budatin \u2014\"},\"image\":{\"@id\":\"https:\/\/bastionbudatin.sk\/#\/schema\/logo\/image\/\"}}]}<\/script>\n<!-- \/ Yoast SEO plugin. -->","yoast_head_json":{"title":"Oslavy, prom\u00f3cie, krstiny... - \u2014 Bastion \u2014 Budatin \u2014","robots":{"index":"index","follow":"follow","max-snippet":"max-snippet:-1","max-image-preview":"max-image-preview:large","max-video-preview":"max-video-preview:-1"},"canonical":"https:\/\/bastionbudatin.sk\/?page_id=176","og_locale":"sk_SK","og_type":"article","og_title":"Oslavy, prom\u00f3cie, krstiny... - \u2014 Bastion \u2014 Budatin \u2014","og_description":"Pl\u00e1nujete oslavu, krstiny, firemn\u00e9 posedenie \u010di in\u00e9 podujatie? Radi V\u00e1m to spln\u00edme&hellip; Pre\u010d\u00edta\u0165 &ldquo;Oslavy, prom\u00f3cie, krstiny&#8230;&rdquo;&hellip;","og_url":"https:\/\/bastionbudatin.sk\/?page_id=176","og_site_name":"\u2014 Bastion \u2014 Budatin \u2014","article_modified_time":"2024-08-01T08:13:44+00:00","og_image":[{"url":"http:\/\/bastionbudatin.sk\/wp-content\/uploads\/2024\/03\/396102067_316671737738099_8020924990924714302_n-1024x485.jpg"}],"twitter_card":"summary_large_image","twitter_misc":{"Predpokladan\u00fd \u010das \u010d\u00edtania":"2 min\u00faty"},"schema":{"@context":"https:\/\/schema.org","@graph":[{"@type":"WebPage","@id":"https:\/\/bastionbudatin.sk\/?page_id=176","url":"https:\/\/bastionbudatin.sk\/?page_id=176","name":"Oslavy, prom\u00f3cie, krstiny... - \u2014 Bastion \u2014 Budatin \u2014","isPartOf":{"@id":"https:\/\/bastionbudatin.sk\/#website"},"datePublished":"2024-03-13T14:20:32+00:00","dateModified":"2024-08-01T08:13:44+00:00","breadcrumb":{"@id":"https:\/\/bastionbudatin.sk\/?page_id=176#breadcrumb"},"inLanguage":"sk-SK","potentialAction":[{"@type":"ReadAction","target":["https:\/\/bastionbudatin.sk\/?page_id=176"]}]},{"@type":"BreadcrumbList","@id":"https:\/\/bastionbudatin.sk\/?page_id=176#breadcrumb","itemListElement":[{"@type":"ListItem","position":1,"name":"Home","item":"https:\/\/bastionbudatin.sk\/"},{"@type":"ListItem","position":2,"name":"Oslavy, prom\u00f3cie, krstiny&#8230;"}]},{"@type":"WebSite","@id":"https:\/\/bastionbudatin.sk\/#website","url":"https:\/\/bastionbudatin.sk\/","name":"\u2014 Bastion \u2014 Budatin \u2014","description":"HRADN\u00c1 kaviare\u0148 s ob\u010derstven\u00edm","publisher":{"@id":"https:\/\/bastionbudatin.sk\/#organization"},"potentialAction":[{"@type":"SearchAction","target":{"@type":"EntryPoint","urlTemplate":"https:\/\/bastionbudatin.sk\/?s={search_term_string}"},"query-input":"required name=search_term_string"}],"inLanguage":"sk-SK"},{"@type":"Organization","@id":"https:\/\/bastionbudatin.sk\/#organization","name":"\u2014 Bastion \u2014 Budatin \u2014","url":"https:\/\/bastionbudatin.sk\/","logo":{"@type":"ImageObject","inLanguage":"sk-SK","@id":"https:\/\/bastionbudatin.sk\/#\/schema\/logo\/image\/","url":"https:\/\/bastionbudatin.sk\/wp-content\/uploads\/2024\/07\/cropped-bastion_white.png","contentUrl":"https:\/\/bastionbudatin.sk\/wp-content\/uploads\/2024\/07\/cropped-bastion_white.png","width":1630,"height":982,"caption":"\u2014 Bastion \u2014                                               Budatin \u2014"},"image":{"@id":"https:\/\/bastionbudatin.sk\/#\/schema\/logo\/image\/"}}]}},"_links":{"self":[{"href":"https:\/\/bastionbudatin.sk\/index.php?rest_route=\/wp\/v2\/pages\/176"}],"collection":[{"href":"https:\/\/bastionbudatin.sk\/index.php?rest_route=\/wp\/v2\/pages"}],"about":[{"href":"https:\/\/bastionbudatin.sk\/index.php?rest_route=\/wp\/v2\/types\/page"}],"author":[{"embeddable":true,"href":"https:\/\/bastionbudatin.sk\/index.php?rest_route=\/wp\/v2\/users\/1"}],"replies":[{"embeddable":true,"href":"https:\/\/bastionbudatin.sk\/index.php?rest_route=%2Fwp%2Fv2%2Fcomments&post=176"}],"version-history":[{"count":5,"href":"https:\/\/bastionbudatin.sk\/index.php?rest_route=\/wp\/v2\/pages\/176\/revisions"}],"predecessor-version":[{"id":327,"href":"https:\/\/bastionbudatin.sk\/index.php?rest_route=\/wp\/v2\/pages\/176\/revisions\/327"}],"wp:attachment":[{"href":"https:\/\/bastionbudatin.sk\/index.php?rest_route=%2Fwp%2Fv2%2Fmedia&parent=176"}],"curies":[{"name":"wp","href":"https:\/\/api.w.org\/{rel}","templated":true}]}}