{"id":2,"date":"2022-07-07T13:14:02","date_gmt":"2022-07-07T11:14:02","guid":{"rendered":"http:\/\/bastionbudatin.sk\/?page_id=2"},"modified":"2024-08-01T11:20:22","modified_gmt":"2024-08-01T09:20:22","slug":"ukazka-strany","status":"publish","type":"page","link":"https:\/\/bastionbudatin.sk\/?page_id=2","title":{"rendered":"Zapo\u017ei\u010diavame:"},"content":{"rendered":"\n<figure class=\"wp-block-image size-full\"><img loading=\"lazy\" width=\"755\" height=\"642\" src=\"http:\/\/bastionbudatin.sk\/wp-content\/uploads\/2024\/08\/POZIC.png\" alt=\"\" class=\"wp-image-336\" srcset=\"https:\/\/bastionbudatin.sk\/wp-content\/uploads\/2024\/08\/POZIC.png 755w, https:\/\/bastionbudatin.sk\/wp-content\/uploads\/2024\/08\/POZIC-300x255.png 300w\" sizes=\"(max-width: 755px) 100vw, 755px\" \/><\/figure>\n\n\n\n<p>ZA PO\u0160KODEN\u00dd TOVAR NEVRACIAME Z\u00c1LOHU<\/p>\n","protected":false},"excerpt":{"rendered":"<div class=\"entry-summary\">\nZA PO\u0160KODEN\u00dd TOVAR NEVRACIAME Z\u00c1LOHU\n<\/div>\n<div class=\"link-more\"><a href=\"https:\/\/bastionbudatin.sk\/?page_id=2\" class=\"more-link\">Pre\u010d\u00edta\u0165<span class=\"screen-reader-text\"> &ldquo;Zapo\u017ei\u010diavame:&rdquo;<\/span>&hellip;<\/a><\/div>\n","protected":false},"author":1,"featured_media":0,"parent":0,"menu_order":0,"comment_status":"closed","ping_status":"open","template":"","meta":{"_monsterinsights_skip_tracking":false,"_monsterinsights_sitenote_active":false,"_monsterinsights_sitenote_note":"","_monsterinsights_sitenote_category":0},"yoast_head":"<!-- This site is optimized with the Yoast SEO plugin v20.6 - https:\/\/yoast.com\/wordpress\/plugins\/seo\/ -->\n<title>Zapo\u017ei\u010diavame: - \u2014 Bastion \u2014 Budatin \u2014<\/title>\n<meta name=\"robots\" content=\"index, follow, max-snippet:-1, max-image-preview:large, max-video-preview:-1\" \/>\n<link rel=\"canonical\" href=\"https:\/\/bastionbudatin.sk\/?page_id=2\" \/>\n<meta property=\"og:locale\" content=\"sk_SK\" \/>\n<meta property=\"og:type\" content=\"article\" \/>\n<meta property=\"og:title\" content=\"Zapo\u017ei\u010diavame: - \u2014 Bastion \u2014 Budatin \u2014\" \/>\n<meta property=\"og:description\" content=\"ZA PO\u0160KODEN\u00dd TOVAR NEVRACIAME Z\u00c1LOHU Pre\u010d\u00edta\u0165 &ldquo;Zapo\u017ei\u010diavame:&rdquo;&hellip;\" \/>\n<meta property=\"og:url\" content=\"https:\/\/bastionbudatin.sk\/?page_id=2\" \/>\n<meta property=\"og:site_name\" content=\"\u2014 Bastion \u2014 Budatin \u2014\" \/>\n<meta property=\"article:modified_time\" content=\"2024-08-01T09:20:22+00:00\" \/>\n<meta property=\"og:image\" content=\"http:\/\/bastionbudatin.sk\/wp-content\/uploads\/2024\/08\/POZIC.png\" \/>\n<meta name=\"twitter:card\" content=\"summary_large_image\" \/>\n<meta name=\"twitter:label1\" content=\"Predpokladan\u00fd \u010das \u010d\u00edtania\" \/>\n\t<meta name=\"twitter:data1\" content=\"1 min\u00fata\" \/>\n<script type=\"application\/ld+json\" class=\"yoast-schema-graph\">{\"@context\":\"https:\/\/schema.org\",\"@graph\":[{\"@type\":\"WebPage\",\"@id\":\"https:\/\/bastionbudatin.sk\/?page_id=2\",\"url\":\"https:\/\/bastionbudatin.sk\/?page_id=2\",\"name\":\"Zapo\u017ei\u010diavame: - \u2014 Bastion \u2014 Budatin \u2014\",\"isPartOf\":{\"@id\":\"https:\/\/bastionbudatin.sk\/#website\"},\"datePublished\":\"2022-07-07T11:14:02+00:00\",\"dateModified\":\"2024-08-01T09:20:22+00:00\",\"breadcrumb\":{\"@id\":\"https:\/\/bastionbudatin.sk\/?page_id=2#breadcrumb\"},\"inLanguage\":\"sk-SK\",\"potentialAction\":[{\"@type\":\"ReadAction\",\"target\":[\"https:\/\/bastionbudatin.sk\/?page_id=2\"]}]},{\"@type\":\"BreadcrumbList\",\"@id\":\"https:\/\/bastionbudatin.sk\/?page_id=2#breadcrumb\",\"itemListElement\":[{\"@type\":\"ListItem\",\"position\":1,\"name\":\"Home\",\"item\":\"https:\/\/bastionbudatin.sk\/\"},{\"@type\":\"ListItem\",\"position\":2,\"name\":\"Zapo\u017ei\u010diavame:\"}]},{\"@type\":\"WebSite\",\"@id\":\"https:\/\/bastionbudatin.sk\/#website\",\"url\":\"https:\/\/bastionbudatin.sk\/\",\"name\":\"\u2014 Bastion \u2014 Budatin \u2014\",\"description\":\"HRADN\u00c1 kaviare\u0148 s ob\u010derstven\u00edm\",\"publisher\":{\"@id\":\"https:\/\/bastionbudatin.sk\/#organization\"},\"potentialAction\":[{\"@type\":\"SearchAction\",\"target\":{\"@type\":\"EntryPoint\",\"urlTemplate\":\"https:\/\/bastionbudatin.sk\/?s={search_term_string}\"},\"query-input\":\"required name=search_term_string\"}],\"inLanguage\":\"sk-SK\"},{\"@type\":\"Organization\",\"@id\":\"https:\/\/bastionbudatin.sk\/#organization\",\"name\":\"\u2014 Bastion \u2014 Budatin \u2014\",\"url\":\"https:\/\/bastionbudatin.sk\/\",\"logo\":{\"@type\":\"ImageObject\",\"inLanguage\":\"sk-SK\",\"@id\":\"https:\/\/bastionbudatin.sk\/#\/schema\/logo\/image\/\",\"url\":\"https:\/\/bastionbudatin.sk\/wp-content\/uploads\/2024\/07\/cropped-bastion_white.png\",\"contentUrl\":\"https:\/\/bastionbudatin.sk\/wp-content\/uploads\/2024\/07\/cropped-bastion_white.png\",\"width\":1630,\"height\":982,\"caption\":\"\u2014 Bastion \u2014                                               Budatin \u2014\"},\"image\":{\"@id\":\"https:\/\/bastionbudatin.sk\/#\/schema\/logo\/image\/\"}}]}<\/script>\n<!-- \/ Yoast SEO plugin. -->","yoast_head_json":{"title":"Zapo\u017ei\u010diavame: - \u2014 Bastion \u2014 Budatin \u2014","robots":{"index":"index","follow":"follow","max-snippet":"max-snippet:-1","max-image-preview":"max-image-preview:large","max-video-preview":"max-video-preview:-1"},"canonical":"https:\/\/bastionbudatin.sk\/?page_id=2","og_locale":"sk_SK","og_type":"article","og_title":"Zapo\u017ei\u010diavame: - \u2014 Bastion \u2014 Budatin \u2014","og_description":"ZA PO\u0160KODEN\u00dd TOVAR NEVRACIAME Z\u00c1LOHU Pre\u010d\u00edta\u0165 &ldquo;Zapo\u017ei\u010diavame:&rdquo;&hellip;","og_url":"https:\/\/bastionbudatin.sk\/?page_id=2","og_site_name":"\u2014 Bastion \u2014 Budatin \u2014","article_modified_time":"2024-08-01T09:20:22+00:00","og_image":[{"url":"http:\/\/bastionbudatin.sk\/wp-content\/uploads\/2024\/08\/POZIC.png"}],"twitter_card":"summary_large_image","twitter_misc":{"Predpokladan\u00fd \u010das \u010d\u00edtania":"1 min\u00fata"},"schema":{"@context":"https:\/\/schema.org","@graph":[{"@type":"WebPage","@id":"https:\/\/bastionbudatin.sk\/?page_id=2","url":"https:\/\/bastionbudatin.sk\/?page_id=2","name":"Zapo\u017ei\u010diavame: - \u2014 Bastion \u2014 Budatin \u2014","isPartOf":{"@id":"https:\/\/bastionbudatin.sk\/#website"},"datePublished":"2022-07-07T11:14:02+00:00","dateModified":"2024-08-01T09:20:22+00:00","breadcrumb":{"@id":"https:\/\/bastionbudatin.sk\/?page_id=2#breadcrumb"},"inLanguage":"sk-SK","potentialAction":[{"@type":"ReadAction","target":["https:\/\/bastionbudatin.sk\/?page_id=2"]}]},{"@type":"BreadcrumbList","@id":"https:\/\/bastionbudatin.sk\/?page_id=2#breadcrumb","itemListElement":[{"@type":"ListItem","position":1,"name":"Home","item":"https:\/\/bastionbudatin.sk\/"},{"@type":"ListItem","position":2,"name":"Zapo\u017ei\u010diavame:"}]},{"@type":"WebSite","@id":"https:\/\/bastionbudatin.sk\/#website","url":"https:\/\/bastionbudatin.sk\/","name":"\u2014 Bastion \u2014 Budatin \u2014","description":"HRADN\u00c1 kaviare\u0148 s ob\u010derstven\u00edm","publisher":{"@id":"https:\/\/bastionbudatin.sk\/#organization"},"potentialAction":[{"@type":"SearchAction","target":{"@type":"EntryPoint","urlTemplate":"https:\/\/bastionbudatin.sk\/?s={search_term_string}"},"query-input":"required name=search_term_string"}],"inLanguage":"sk-SK"},{"@type":"Organization","@id":"https:\/\/bastionbudatin.sk\/#organization","name":"\u2014 Bastion \u2014 Budatin \u2014","url":"https:\/\/bastionbudatin.sk\/","logo":{"@type":"ImageObject","inLanguage":"sk-SK","@id":"https:\/\/bastionbudatin.sk\/#\/schema\/logo\/image\/","url":"https:\/\/bastionbudatin.sk\/wp-content\/uploads\/2024\/07\/cropped-bastion_white.png","contentUrl":"https:\/\/bastionbudatin.sk\/wp-content\/uploads\/2024\/07\/cropped-bastion_white.png","width":1630,"height":982,"caption":"\u2014 Bastion \u2014                                               Budatin \u2014"},"image":{"@id":"https:\/\/bastionbudatin.sk\/#\/schema\/logo\/image\/"}}]}},"_links":{"self":[{"href":"https:\/\/bastionbudatin.sk\/index.php?rest_route=\/wp\/v2\/pages\/2"}],"collection":[{"href":"https:\/\/bastionbudatin.sk\/index.php?rest_route=\/wp\/v2\/pages"}],"about":[{"href":"https:\/\/bastionbudatin.sk\/index.php?rest_route=\/wp\/v2\/types\/page"}],"author":[{"embeddable":true,"href":"https:\/\/bastionbudatin.sk\/index.php?rest_route=\/wp\/v2\/users\/1"}],"replies":[{"embeddable":true,"href":"https:\/\/bastionbudatin.sk\/index.php?rest_route=%2Fwp%2Fv2%2Fcomments&post=2"}],"version-history":[{"count":6,"href":"https:\/\/bastionbudatin.sk\/index.php?rest_route=\/wp\/v2\/pages\/2\/revisions"}],"predecessor-version":[{"id":338,"href":"https:\/\/bastionbudatin.sk\/index.php?rest_route=\/wp\/v2\/pages\/2\/revisions\/338"}],"wp:attachment":[{"href":"https:\/\/bastionbudatin.sk\/index.php?rest_route=%2Fwp%2Fv2%2Fmedia&parent=2"}],"curies":[{"name":"wp","href":"https:\/\/api.w.org\/{rel}","templated":true}]}}