{"id":21,"date":"2022-07-09T21:40:29","date_gmt":"2022-07-09T19:40:29","guid":{"rendered":"http:\/\/d.r5.wbsprt.com\/bastionbudatin.sk\/?page_id=21"},"modified":"2025-10-03T08:37:30","modified_gmt":"2025-10-03T06:37:30","slug":"kontakt","status":"publish","type":"page","link":"https:\/\/bastionbudatin.sk\/?page_id=21","title":{"rendered":"Kontakt"},"content":{"rendered":"\n<h4>Kde n\u00e1s n\u00e1jdete. Ako sa k n\u00e1m dostanete, Kedy sme tu pre V\u00e1s.<\/h4>\n\n\n\n<div class=\"wp-block-media-text alignwide is-stacked-on-mobile\"><figure class=\"wp-block-media-text__media\"><img loading=\"lazy\" width=\"882\" height=\"617\" src=\"http:\/\/d.r5.wbsprt.com\/bastionbudatin.sk\/wp-content\/uploads\/2022\/07\/BW_Pismo_White-1-2.png\" alt=\"\" class=\"wp-image-65 size-full\" srcset=\"https:\/\/bastionbudatin.sk\/wp-content\/uploads\/2022\/07\/BW_Pismo_White-1-2.png 882w, https:\/\/bastionbudatin.sk\/wp-content\/uploads\/2022\/07\/BW_Pismo_White-1-2-300x210.png 300w, https:\/\/bastionbudatin.sk\/wp-content\/uploads\/2022\/07\/BW_Pismo_White-1-2-768x537.png 768w\" sizes=\"(max-width: 882px) 100vw, 882px\" \/><\/figure><div class=\"wp-block-media-text__content\">\n<h1><strong>Otv\u00e1racia doba<\/strong><\/h1>\n\n\n\n<p style=\"font-size:18px\">Pondelok: ZATVOREN\u00c9 (mimosez\u00f3na) <\/p>\n\n\n\n<p style=\"font-size:18px\">Utorok-Piatok: 10:00-17:00<\/p>\n\n\n\n<p style=\"font-size:18px\">SOBOTA-NEDE\u013dA: 9:00-17:00<\/p>\n<\/div><\/div>\n\n\n\n<div class=\"wp-container-11 wp-block-columns\">\n<div class=\"wp-container-10 wp-block-column\" style=\"flex-basis:100%\">\n<div class=\"wp-container-9 wp-block-group\"><div class=\"wp-block-group__inner-container\">\n<div class=\"wp-container-8 wp-block-columns\">\n<div class=\"wp-container-7 wp-block-column\" style=\"flex-basis:100%\">\n<div class=\"wp-container-6 wp-block-group\"><div class=\"wp-block-group__inner-container\">\n<div class=\"wp-container-5 wp-block-columns\">\n<div class=\"wp-container-4 wp-block-column\" style=\"flex-basis:100%\">\n<div class=\"wp-container-3 wp-block-group\"><div class=\"wp-block-group__inner-container\">\n<figure class=\"wp-container-2 wp-block-gallery-1 wp-block-gallery has-nested-images columns-default is-cropped\">\n<figure class=\"wp-block-image size-large\"><img loading=\"lazy\" width=\"1024\" height=\"485\" src=\"http:\/\/d.r5.wbsprt.com\/bastionbudatin.sk\/wp-content\/uploads\/2022\/07\/Hrad-Budatin-noc-2-1024x485.jpg\" alt=\"\" class=\"wp-image-76\" srcset=\"https:\/\/bastionbudatin.sk\/wp-content\/uploads\/2022\/07\/Hrad-Budatin-noc-2-1024x485.jpg 1024w, https:\/\/bastionbudatin.sk\/wp-content\/uploads\/2022\/07\/Hrad-Budatin-noc-2-300x142.jpg 300w, https:\/\/bastionbudatin.sk\/wp-content\/uploads\/2022\/07\/Hrad-Budatin-noc-2-768x364.jpg 768w, https:\/\/bastionbudatin.sk\/wp-content\/uploads\/2022\/07\/Hrad-Budatin-noc-2-1536x728.jpg 1536w, https:\/\/bastionbudatin.sk\/wp-content\/uploads\/2022\/07\/Hrad-Budatin-noc-2.jpg 2048w\" sizes=\"(max-width: 1024px) 100vw, 1024px\" \/><\/figure>\n<\/figure>\n<\/div><\/div>\n<\/div>\n<\/div>\n<\/div><\/div>\n<\/div>\n<\/div>\n<\/div><\/div>\n<\/div>\n<\/div>\n\n\n\n<blockquote class=\"wp-block-quote\"><p>Prev\u00e1dzka: <strong>BASTION Budat\u00edn<\/strong><\/p><cite> (Hradn\u00e1 KAVIARE\u0147 s ob\u010derstven\u00edm) <\/cite><\/blockquote>\n\n\n\n<ul><li>Adresa: Hrad BUDAT\u00cdN, Topo\u013eov\u00e1 1, 010 01 \u017dilina-Budat\u00edn<\/li><\/ul>\n\n\n\n<ul><li>Telef\u00f3n: +421 (0) 903 895 395<\/li><\/ul>\n\n\n\n<ul><li>E-mail: bastionbudatin@gmail.com<\/li><\/ul>\n\n\n\n<ul><li>Web: www.bastionbudatin.sk<\/li><\/ul>\n\n\n\n<ul class=\"wp-container-12 wp-block-social-links has-icon-color is-style-pill-shape\"><li style=\"color: #ffffff; \" class=\"wp-social-link wp-social-link-facebook wp-block-social-link\"><a href=\"https:\/\/facebook.com\/BastionBudatin\"  class=\"wp-block-social-link-anchor\"><svg width=\"24\" height=\"24\" viewBox=\"0 0 24 24\" version=\"1.1\" xmlns=\"http:\/\/www.w3.org\/2000\/svg\" aria-hidden=\"true\" focusable=\"false\"><path d=\"M12 2C6.5 2 2 6.5 2 12c0 5 3.7 9.1 8.4 9.9v-7H7.9V12h2.5V9.8c0-2.5 1.5-3.9 3.8-3.9 1.1 0 2.2.2 2.2.2v2.5h-1.3c-1.2 0-1.6.8-1.6 1.6V12h2.8l-.4 2.9h-2.3v7C18.3 21.1 22 17 22 12c0-5.5-4.5-10-10-10z\"><\/path><\/svg><span class=\"wp-block-social-link-label screen-reader-text\">Facebook<\/span><\/a><\/li>\n\n<li style=\"color: #ffffff; \" class=\"wp-social-link wp-social-link-instagram wp-block-social-link\"><a href=\"https:\/\/instagram.com\/bastionbudatin\"  class=\"wp-block-social-link-anchor\"><svg width=\"24\" height=\"24\" viewBox=\"0 0 24 24\" version=\"1.1\" xmlns=\"http:\/\/www.w3.org\/2000\/svg\" aria-hidden=\"true\" focusable=\"false\"><path d=\"M12,4.622c2.403,0,2.688,0.009,3.637,0.052c0.877,0.04,1.354,0.187,1.671,0.31c0.42,0.163,0.72,0.358,1.035,0.673 c0.315,0.315,0.51,0.615,0.673,1.035c0.123,0.317,0.27,0.794,0.31,1.671c0.043,0.949,0.052,1.234,0.052,3.637 s-0.009,2.688-0.052,3.637c-0.04,0.877-0.187,1.354-0.31,1.671c-0.163,0.42-0.358,0.72-0.673,1.035 c-0.315,0.315-0.615,0.51-1.035,0.673c-0.317,0.123-0.794,0.27-1.671,0.31c-0.949,0.043-1.233,0.052-3.637,0.052 s-2.688-0.009-3.637-0.052c-0.877-0.04-1.354-0.187-1.671-0.31c-0.42-0.163-0.72-0.358-1.035-0.673 c-0.315-0.315-0.51-0.615-0.673-1.035c-0.123-0.317-0.27-0.794-0.31-1.671C4.631,14.688,4.622,14.403,4.622,12 s0.009-2.688,0.052-3.637c0.04-0.877,0.187-1.354,0.31-1.671c0.163-0.42,0.358-0.72,0.673-1.035 c0.315-0.315,0.615-0.51,1.035-0.673c0.317-0.123,0.794-0.27,1.671-0.31C9.312,4.631,9.597,4.622,12,4.622 M12,3 C9.556,3,9.249,3.01,8.289,3.054C7.331,3.098,6.677,3.25,6.105,3.472C5.513,3.702,5.011,4.01,4.511,4.511 c-0.5,0.5-0.808,1.002-1.038,1.594C3.25,6.677,3.098,7.331,3.054,8.289C3.01,9.249,3,9.556,3,12c0,2.444,0.01,2.751,0.054,3.711 c0.044,0.958,0.196,1.612,0.418,2.185c0.23,0.592,0.538,1.094,1.038,1.594c0.5,0.5,1.002,0.808,1.594,1.038 c0.572,0.222,1.227,0.375,2.185,0.418C9.249,20.99,9.556,21,12,21s2.751-0.01,3.711-0.054c0.958-0.044,1.612-0.196,2.185-0.418 c0.592-0.23,1.094-0.538,1.594-1.038c0.5-0.5,0.808-1.002,1.038-1.594c0.222-0.572,0.375-1.227,0.418-2.185 C20.99,14.751,21,14.444,21,12s-0.01-2.751-0.054-3.711c-0.044-0.958-0.196-1.612-0.418-2.185c-0.23-0.592-0.538-1.094-1.038-1.594 c-0.5-0.5-1.002-0.808-1.594-1.038c-0.572-0.222-1.227-0.375-2.185-0.418C14.751,3.01,14.444,3,12,3L12,3z M12,7.378 c-2.552,0-4.622,2.069-4.622,4.622S9.448,16.622,12,16.622s4.622-2.069,4.622-4.622S14.552,7.378,12,7.378z M12,15 c-1.657,0-3-1.343-3-3s1.343-3,3-3s3,1.343,3,3S13.657,15,12,15z M16.804,6.116c-0.596,0-1.08,0.484-1.08,1.08 s0.484,1.08,1.08,1.08c0.596,0,1.08-0.484,1.08-1.08S17.401,6.116,16.804,6.116z\"><\/path><\/svg><span class=\"wp-block-social-link-label screen-reader-text\">Instagram<\/span><\/a><\/li>\n\n<li style=\"color: #ffffff; \" class=\"wp-social-link wp-social-link-chain wp-block-social-link\"><a href=\"http:\/\/www.bastionbudatin.sk\"  class=\"wp-block-social-link-anchor\"><svg width=\"24\" height=\"24\" viewBox=\"0 0 24 24\" version=\"1.1\" xmlns=\"http:\/\/www.w3.org\/2000\/svg\" aria-hidden=\"true\" focusable=\"false\"><path d=\"M19.647,16.706a1.134,1.134,0,0,0-.343-.833l-2.549-2.549a1.134,1.134,0,0,0-.833-.343,1.168,1.168,0,0,0-.883.392l.233.226q.2.189.264.264a2.922,2.922,0,0,1,.184.233.986.986,0,0,1,.159.312,1.242,1.242,0,0,1,.043.337,1.172,1.172,0,0,1-1.176,1.176,1.237,1.237,0,0,1-.337-.043,1,1,0,0,1-.312-.159,2.76,2.76,0,0,1-.233-.184q-.073-.068-.264-.264l-.226-.233a1.19,1.19,0,0,0-.4.895,1.134,1.134,0,0,0,.343.833L15.837,19.3a1.13,1.13,0,0,0,.833.331,1.18,1.18,0,0,0,.833-.318l1.8-1.789a1.12,1.12,0,0,0,.343-.821Zm-8.615-8.64a1.134,1.134,0,0,0-.343-.833L8.163,4.7a1.134,1.134,0,0,0-.833-.343,1.184,1.184,0,0,0-.833.331L4.7,6.473a1.12,1.12,0,0,0-.343.821,1.134,1.134,0,0,0,.343.833l2.549,2.549a1.13,1.13,0,0,0,.833.331,1.184,1.184,0,0,0,.883-.38L8.728,10.4q-.2-.189-.264-.264A2.922,2.922,0,0,1,8.28,9.9a.986.986,0,0,1-.159-.312,1.242,1.242,0,0,1-.043-.337A1.172,1.172,0,0,1,9.254,8.079a1.237,1.237,0,0,1,.337.043,1,1,0,0,1,.312.159,2.761,2.761,0,0,1,.233.184q.073.068.264.264l.226.233a1.19,1.19,0,0,0,.4-.895ZM22,16.706a3.343,3.343,0,0,1-1.042,2.488l-1.8,1.789a3.536,3.536,0,0,1-4.988-.025l-2.525-2.537a3.384,3.384,0,0,1-1.017-2.488,3.448,3.448,0,0,1,1.078-2.561l-1.078-1.078a3.434,3.434,0,0,1-2.549,1.078,3.4,3.4,0,0,1-2.5-1.029L3.029,9.794A3.4,3.4,0,0,1,2,7.294,3.343,3.343,0,0,1,3.042,4.806l1.8-1.789A3.384,3.384,0,0,1,7.331,2a3.357,3.357,0,0,1,2.5,1.042l2.525,2.537a3.384,3.384,0,0,1,1.017,2.488,3.448,3.448,0,0,1-1.078,2.561l1.078,1.078a3.551,3.551,0,0,1,5.049-.049l2.549,2.549A3.4,3.4,0,0,1,22,16.706Z\"><\/path><\/svg><span class=\"wp-block-social-link-label screen-reader-text\">Link<\/span><\/a><\/li><\/ul>\n\n\n\n<p><\/p>\n\n\n\n<p style=\"font-size:12px\"><strong>FO podnikate\u013e:&nbsp;<\/strong>Michal Kubica<\/p>\n\n\n\n<p style=\"font-size:12px\"><strong>Adresa:<\/strong>&nbsp;Kr\u00e1sno nad Kysucou 1270<\/p>\n\n\n\n<p style=\"font-size:12px\">&nbsp; &nbsp; &nbsp; &nbsp; &nbsp; &nbsp; &nbsp; 023 02 Kr\u00e1sno nad Kysucou<\/p>\n\n\n\n<p style=\"font-size:12px\"><strong>I\u010cO:<\/strong>&nbsp;51 703 114<\/p>\n\n\n\n<p style=\"font-size:12px\"><strong>DI\u010c:<\/strong>&nbsp;1081023548<\/p>\n\n\n\n<p style=\"font-size:12px\"><strong>I\u010c DPH:<\/strong>&nbsp;SK1081023548<\/p>\n\n\n\n<p style=\"font-size:12px\">Z\u00e1pis v \u017dR O\u00da \u010cadca, \u010d.\u017eiv.reg.: 520-29030<\/p>\n","protected":false},"excerpt":{"rendered":"<div class=\"entry-summary\">\nKde n\u00e1s n\u00e1jdete. Ako sa k n\u00e1m dostanete, Kedy sme tu pre&hellip;\n<\/div>\n<div class=\"link-more\"><a href=\"https:\/\/bastionbudatin.sk\/?page_id=21\" class=\"more-link\">Pre\u010d\u00edta\u0165<span class=\"screen-reader-text\"> &ldquo;Kontakt&rdquo;<\/span>&hellip;<\/a><\/div>\n","protected":false},"author":1,"featured_media":0,"parent":0,"menu_order":0,"comment_status":"closed","ping_status":"closed","template":"","meta":{"_monsterinsights_skip_tracking":false,"_monsterinsights_sitenote_active":false,"_monsterinsights_sitenote_note":"","_monsterinsights_sitenote_category":0},"yoast_head":"<!-- This site is optimized with the Yoast SEO plugin v20.6 - https:\/\/yoast.com\/wordpress\/plugins\/seo\/ -->\n<title>Kontakt - \u2014 Bastion \u2014 Budatin \u2014<\/title>\n<meta name=\"robots\" content=\"index, follow, max-snippet:-1, max-image-preview:large, max-video-preview:-1\" \/>\n<link rel=\"canonical\" href=\"https:\/\/bastionbudatin.sk\/?page_id=21\" \/>\n<meta property=\"og:locale\" content=\"sk_SK\" \/>\n<meta property=\"og:type\" content=\"article\" \/>\n<meta property=\"og:title\" content=\"Kontakt - \u2014 Bastion \u2014 Budatin \u2014\" \/>\n<meta property=\"og:description\" content=\"Kde n\u00e1s n\u00e1jdete. Ako sa k n\u00e1m dostanete, Kedy sme tu pre&hellip; Pre\u010d\u00edta\u0165 &ldquo;Kontakt&rdquo;&hellip;\" \/>\n<meta property=\"og:url\" content=\"https:\/\/bastionbudatin.sk\/?page_id=21\" \/>\n<meta property=\"og:site_name\" content=\"\u2014 Bastion \u2014 Budatin \u2014\" \/>\n<meta property=\"article:modified_time\" content=\"2025-10-03T06:37:30+00:00\" \/>\n<meta property=\"og:image\" content=\"http:\/\/d.r5.wbsprt.com\/bastionbudatin.sk\/wp-content\/uploads\/2022\/07\/BW_Pismo_White-1-2.png\" \/>\n<meta name=\"twitter:card\" content=\"summary_large_image\" \/>\n<meta name=\"twitter:label1\" content=\"Predpokladan\u00fd \u010das \u010d\u00edtania\" \/>\n\t<meta name=\"twitter:data1\" content=\"1 min\u00fata\" \/>\n<script type=\"application\/ld+json\" class=\"yoast-schema-graph\">{\"@context\":\"https:\/\/schema.org\",\"@graph\":[{\"@type\":\"WebPage\",\"@id\":\"https:\/\/bastionbudatin.sk\/?page_id=21\",\"url\":\"https:\/\/bastionbudatin.sk\/?page_id=21\",\"name\":\"Kontakt - \u2014 Bastion \u2014 Budatin \u2014\",\"isPartOf\":{\"@id\":\"https:\/\/bastionbudatin.sk\/#website\"},\"datePublished\":\"2022-07-09T19:40:29+00:00\",\"dateModified\":\"2025-10-03T06:37:30+00:00\",\"breadcrumb\":{\"@id\":\"https:\/\/bastionbudatin.sk\/?page_id=21#breadcrumb\"},\"inLanguage\":\"sk-SK\",\"potentialAction\":[{\"@type\":\"ReadAction\",\"target\":[\"https:\/\/bastionbudatin.sk\/?page_id=21\"]}]},{\"@type\":\"BreadcrumbList\",\"@id\":\"https:\/\/bastionbudatin.sk\/?page_id=21#breadcrumb\",\"itemListElement\":[{\"@type\":\"ListItem\",\"position\":1,\"name\":\"Home\",\"item\":\"https:\/\/bastionbudatin.sk\/\"},{\"@type\":\"ListItem\",\"position\":2,\"name\":\"Kontakt\"}]},{\"@type\":\"WebSite\",\"@id\":\"https:\/\/bastionbudatin.sk\/#website\",\"url\":\"https:\/\/bastionbudatin.sk\/\",\"name\":\"\u2014 Bastion \u2014 Budatin \u2014\",\"description\":\"HRADN\u00c1 kaviare\u0148 s ob\u010derstven\u00edm\",\"publisher\":{\"@id\":\"https:\/\/bastionbudatin.sk\/#organization\"},\"potentialAction\":[{\"@type\":\"SearchAction\",\"target\":{\"@type\":\"EntryPoint\",\"urlTemplate\":\"https:\/\/bastionbudatin.sk\/?s={search_term_string}\"},\"query-input\":\"required name=search_term_string\"}],\"inLanguage\":\"sk-SK\"},{\"@type\":\"Organization\",\"@id\":\"https:\/\/bastionbudatin.sk\/#organization\",\"name\":\"\u2014 Bastion \u2014 Budatin \u2014\",\"url\":\"https:\/\/bastionbudatin.sk\/\",\"logo\":{\"@type\":\"ImageObject\",\"inLanguage\":\"sk-SK\",\"@id\":\"https:\/\/bastionbudatin.sk\/#\/schema\/logo\/image\/\",\"url\":\"https:\/\/bastionbudatin.sk\/wp-content\/uploads\/2024\/07\/cropped-bastion_white.png\",\"contentUrl\":\"https:\/\/bastionbudatin.sk\/wp-content\/uploads\/2024\/07\/cropped-bastion_white.png\",\"width\":1630,\"height\":982,\"caption\":\"\u2014 Bastion \u2014                                               Budatin \u2014\"},\"image\":{\"@id\":\"https:\/\/bastionbudatin.sk\/#\/schema\/logo\/image\/\"}}]}<\/script>\n<!-- \/ Yoast SEO plugin. -->","yoast_head_json":{"title":"Kontakt - \u2014 Bastion \u2014 Budatin \u2014","robots":{"index":"index","follow":"follow","max-snippet":"max-snippet:-1","max-image-preview":"max-image-preview:large","max-video-preview":"max-video-preview:-1"},"canonical":"https:\/\/bastionbudatin.sk\/?page_id=21","og_locale":"sk_SK","og_type":"article","og_title":"Kontakt - \u2014 Bastion \u2014 Budatin \u2014","og_description":"Kde n\u00e1s n\u00e1jdete. Ako sa k n\u00e1m dostanete, Kedy sme tu pre&hellip; Pre\u010d\u00edta\u0165 &ldquo;Kontakt&rdquo;&hellip;","og_url":"https:\/\/bastionbudatin.sk\/?page_id=21","og_site_name":"\u2014 Bastion \u2014 Budatin \u2014","article_modified_time":"2025-10-03T06:37:30+00:00","og_image":[{"url":"http:\/\/d.r5.wbsprt.com\/bastionbudatin.sk\/wp-content\/uploads\/2022\/07\/BW_Pismo_White-1-2.png"}],"twitter_card":"summary_large_image","twitter_misc":{"Predpokladan\u00fd \u010das \u010d\u00edtania":"1 min\u00fata"},"schema":{"@context":"https:\/\/schema.org","@graph":[{"@type":"WebPage","@id":"https:\/\/bastionbudatin.sk\/?page_id=21","url":"https:\/\/bastionbudatin.sk\/?page_id=21","name":"Kontakt - \u2014 Bastion \u2014 Budatin \u2014","isPartOf":{"@id":"https:\/\/bastionbudatin.sk\/#website"},"datePublished":"2022-07-09T19:40:29+00:00","dateModified":"2025-10-03T06:37:30+00:00","breadcrumb":{"@id":"https:\/\/bastionbudatin.sk\/?page_id=21#breadcrumb"},"inLanguage":"sk-SK","potentialAction":[{"@type":"ReadAction","target":["https:\/\/bastionbudatin.sk\/?page_id=21"]}]},{"@type":"BreadcrumbList","@id":"https:\/\/bastionbudatin.sk\/?page_id=21#breadcrumb","itemListElement":[{"@type":"ListItem","position":1,"name":"Home","item":"https:\/\/bastionbudatin.sk\/"},{"@type":"ListItem","position":2,"name":"Kontakt"}]},{"@type":"WebSite","@id":"https:\/\/bastionbudatin.sk\/#website","url":"https:\/\/bastionbudatin.sk\/","name":"\u2014 Bastion \u2014 Budatin \u2014","description":"HRADN\u00c1 kaviare\u0148 s ob\u010derstven\u00edm","publisher":{"@id":"https:\/\/bastionbudatin.sk\/#organization"},"potentialAction":[{"@type":"SearchAction","target":{"@type":"EntryPoint","urlTemplate":"https:\/\/bastionbudatin.sk\/?s={search_term_string}"},"query-input":"required name=search_term_string"}],"inLanguage":"sk-SK"},{"@type":"Organization","@id":"https:\/\/bastionbudatin.sk\/#organization","name":"\u2014 Bastion \u2014 Budatin \u2014","url":"https:\/\/bastionbudatin.sk\/","logo":{"@type":"ImageObject","inLanguage":"sk-SK","@id":"https:\/\/bastionbudatin.sk\/#\/schema\/logo\/image\/","url":"https:\/\/bastionbudatin.sk\/wp-content\/uploads\/2024\/07\/cropped-bastion_white.png","contentUrl":"https:\/\/bastionbudatin.sk\/wp-content\/uploads\/2024\/07\/cropped-bastion_white.png","width":1630,"height":982,"caption":"\u2014 Bastion \u2014                                               Budatin \u2014"},"image":{"@id":"https:\/\/bastionbudatin.sk\/#\/schema\/logo\/image\/"}}]}},"_links":{"self":[{"href":"https:\/\/bastionbudatin.sk\/index.php?rest_route=\/wp\/v2\/pages\/21"}],"collection":[{"href":"https:\/\/bastionbudatin.sk\/index.php?rest_route=\/wp\/v2\/pages"}],"about":[{"href":"https:\/\/bastionbudatin.sk\/index.php?rest_route=\/wp\/v2\/types\/page"}],"author":[{"embeddable":true,"href":"https:\/\/bastionbudatin.sk\/index.php?rest_route=\/wp\/v2\/users\/1"}],"replies":[{"embeddable":true,"href":"https:\/\/bastionbudatin.sk\/index.php?rest_route=%2Fwp%2Fv2%2Fcomments&post=21"}],"version-history":[{"count":5,"href":"https:\/\/bastionbudatin.sk\/index.php?rest_route=\/wp\/v2\/pages\/21\/revisions"}],"predecessor-version":[{"id":346,"href":"https:\/\/bastionbudatin.sk\/index.php?rest_route=\/wp\/v2\/pages\/21\/revisions\/346"}],"wp:attachment":[{"href":"https:\/\/bastionbudatin.sk\/index.php?rest_route=%2Fwp%2Fv2%2Fmedia&parent=21"}],"curies":[{"name":"wp","href":"https:\/\/api.w.org\/{rel}","templated":true}]}}